{"id":12972,"date":"2024-10-23T08:18:50","date_gmt":"2024-10-23T07:18:50","guid":{"rendered":"https:\/\/loicnavarro.com\/?page_id=12972"},"modified":"2026-04-10T19:21:21","modified_gmt":"2026-04-10T18:21:21","slug":"video-ulanzi","status":"publish","type":"page","link":"https:\/\/loicnavarro.com\/en\/video-ulanzi\/","title":{"rendered":"ULANZI"},"content":{"rendered":"<div data-elementor-type=\"wp-page\" data-elementor-id=\"12972\" class=\"elementor elementor-12972\">\n\t\t\t\t<div class=\"elementor-element elementor-element-a99e869 e-flex e-con-boxed e-con e-parent\" data-id=\"a99e869\" data-element_type=\"container\" data-e-type=\"container\" data-settings=\"{&quot;background_background&quot;:&quot;classic&quot;}\">\n\t\t\t\t\t<div class=\"e-con-inner\">\n\t\t<div class=\"elementor-element elementor-element-1637438 e-con-full e-flex e-con e-child\" data-id=\"1637438\" data-element_type=\"container\" data-e-type=\"container\">\n\t\t\t\t<div class=\"elementor-element elementor-element-151d335 elementor-widget elementor-widget-heading\" data-id=\"151d335\" data-element_type=\"widget\" data-e-type=\"widget\" data-widget_type=\"heading.default\">\n\t\t\t\t<div class=\"elementor-widget-container\">\n\t\t\t\t\t<h2 class=\"elementor-heading-title elementor-size-default\"><b>ULANZI<\/b> - Solo Adventure<\/h2>\t\t\t\t<\/div>\n\t\t\t\t<\/div>\n\t\t\t\t<div class=\"elementor-element elementor-element-0e40ec1 elementor-widget-divider--view-line elementor-widget elementor-widget-divider\" data-id=\"0e40ec1\" data-element_type=\"widget\" data-e-type=\"widget\" data-widget_type=\"divider.default\">\n\t\t\t\t<div class=\"elementor-widget-container\">\n\t\t\t\t\t\t\t<div class=\"elementor-divider\">\n\t\t\t<span class=\"elementor-divider-separator\">\n\t\t\t\t\t\t<\/span>\n\t\t<\/div>\n\t\t\t\t\t\t<\/div>\n\t\t\t\t<\/div>\n\t\t<div class=\"elementor-element elementor-element-87b1017 e-con-full e-flex e-con e-child\" data-id=\"87b1017\" data-element_type=\"container\" data-e-type=\"container\">\n\t\t\t\t<div class=\"elementor-element elementor-element-d616fad elementor-widget elementor-widget-video\" data-id=\"d616fad\" data-element_type=\"widget\" data-e-type=\"widget\" data-settings=\"{&quot;video_type&quot;:&quot;vimeo&quot;,&quot;yt_privacy&quot;:&quot;yes&quot;}\" data-widget_type=\"video.default\">\n\t\t\t\t<div class=\"elementor-widget-container\">\n\t\t\t\t\t\t\t<div class=\"elementor-wrapper elementor-open-inline\">\n\t\t\t<iframe class=\"elementor-video-iframe\" allowfullscreen allow=\"clipboard-write\" title=\"Lecteur vid\u00e9o vimeo\" src=\"https:\/\/player.vimeo.com\/video\/1074205133?color&amp;autopause=0&amp;dnt=true&amp;loop=0&amp;muted=0&amp;title=0&amp;portrait=0&amp;byline=0#t=\"><\/iframe>\t\t<\/div>\n\t\t\t\t\t\t<\/div>\n\t\t\t\t<\/div>\n\t\t\t\t<\/div>\n\t\t\t\t<div class=\"elementor-element elementor-element-ba090d9 elementor-widget elementor-widget-heading\" data-id=\"ba090d9\" data-element_type=\"widget\" data-e-type=\"widget\" data-widget_type=\"heading.default\">\n\t\t\t\t<div class=\"elementor-widget-container\">\n\t\t\t\t\t<h3 class=\"elementor-heading-title elementor-size-default\">(Spec Work)<\/h3>\t\t\t\t<\/div>\n\t\t\t\t<\/div>\n\t\t\t\t<div class=\"elementor-element elementor-element-caee3d0 elementor-widget elementor-widget-text-editor\" data-id=\"caee3d0\" data-element_type=\"widget\" data-e-type=\"widget\" data-widget_type=\"text-editor.default\">\n\t\t\t\t<div class=\"elementor-widget-container\">\n\t\t\t\t\t\t\t\t\t<p><strong>R\u00e9alisateur, chef op\u00e9rateur :<\/strong> Lo\u00efc Navarro<br \/><strong>Montage :<\/strong> Lo\u00efc Navarro<br \/><strong>Talent :<\/strong> Charlotte<\/p>\t\t\t\t\t\t\t\t<\/div>\n\t\t\t\t<\/div>\n\t\t\t\t<\/div>\n\t\t<div class=\"elementor-element elementor-element-e3d1e1c e-con-full e-flex e-con e-child\" data-id=\"e3d1e1c\" data-element_type=\"container\" data-e-type=\"container\">\n\t\t\t\t<div class=\"elementor-element elementor-element-00982c5 elementor-widget-divider--view-line elementor-widget elementor-widget-divider\" data-id=\"00982c5\" data-element_type=\"widget\" data-e-type=\"widget\" data-widget_type=\"divider.default\">\n\t\t\t\t<div class=\"elementor-widget-container\">\n\t\t\t\t\t\t\t<div class=\"elementor-divider\">\n\t\t\t<span class=\"elementor-divider-separator\">\n\t\t\t\t\t\t<\/span>\n\t\t<\/div>\n\t\t\t\t\t\t<\/div>\n\t\t\t\t<\/div>\n\t\t<div class=\"elementor-element elementor-element-a320a4e e-grid e-con-full e-con e-child\" data-id=\"a320a4e\" data-element_type=\"container\" data-e-type=\"container\">\n\t\t\t\t<div class=\"elementor-element elementor-element-0a6e9f1 elementor-widget elementor-widget-image\" data-id=\"0a6e9f1\" data-element_type=\"widget\" data-e-type=\"widget\" data-widget_type=\"image.default\">\n\t\t\t\t<div class=\"elementor-widget-container\">\n\t\t\t\t\t\t\t\t\t\t\t\t\t\t\t<img fetchpriority=\"high\" decoding=\"async\" width=\"1280\" height=\"720\" src=\"https:\/\/loicnavarro.com\/media\/2024\/10\/Videaste-Nice-Videaste-Antibes-Videaste-Monaco-Videaste-Cannes-Loic-Navarro-Ad-Ulanzi-1.webp\" class=\"attachment-medium size-medium wp-image-12983\" alt=\"Videaste Nice - Videaste Antibes - Videaste Monaco - Videaste Cannes - Loic Navarro - Ad Ulanzi (1)\" srcset=\"https:\/\/loicnavarro.com\/media\/2024\/10\/Videaste-Nice-Videaste-Antibes-Videaste-Monaco-Videaste-Cannes-Loic-Navarro-Ad-Ulanzi-1.webp 1280w, https:\/\/loicnavarro.com\/media\/2024\/10\/Videaste-Nice-Videaste-Antibes-Videaste-Monaco-Videaste-Cannes-Loic-Navarro-Ad-Ulanzi-1-768x432.webp 768w, https:\/\/loicnavarro.com\/media\/2024\/10\/Videaste-Nice-Videaste-Antibes-Videaste-Monaco-Videaste-Cannes-Loic-Navarro-Ad-Ulanzi-1-18x10.webp 18w\" sizes=\"(max-width: 1280px) 100vw, 1280px\" title=\"\">\t\t\t\t\t\t\t\t\t\t\t\t\t\t\t<\/div>\n\t\t\t\t<\/div>\n\t\t\t\t<div class=\"elementor-element elementor-element-0288d33 elementor-widget elementor-widget-image\" data-id=\"0288d33\" data-element_type=\"widget\" data-e-type=\"widget\" data-widget_type=\"image.default\">\n\t\t\t\t<div class=\"elementor-widget-container\">\n\t\t\t\t\t\t\t\t\t\t\t\t\t\t\t<img decoding=\"async\" width=\"1280\" height=\"720\" src=\"https:\/\/loicnavarro.com\/media\/2024\/10\/Videaste-Nice-Videaste-Antibes-Videaste-Monaco-Videaste-Cannes-Loic-Navarro-Ad-Ulanzi-2.webp\" class=\"attachment-medium size-medium wp-image-12984\" alt=\"Videaste Nice - Videaste Antibes - Videaste Monaco - Videaste Cannes - Loic Navarro - Ad Ulanzi (2)\" srcset=\"https:\/\/loicnavarro.com\/media\/2024\/10\/Videaste-Nice-Videaste-Antibes-Videaste-Monaco-Videaste-Cannes-Loic-Navarro-Ad-Ulanzi-2.webp 1280w, https:\/\/loicnavarro.com\/media\/2024\/10\/Videaste-Nice-Videaste-Antibes-Videaste-Monaco-Videaste-Cannes-Loic-Navarro-Ad-Ulanzi-2-768x432.webp 768w, https:\/\/loicnavarro.com\/media\/2024\/10\/Videaste-Nice-Videaste-Antibes-Videaste-Monaco-Videaste-Cannes-Loic-Navarro-Ad-Ulanzi-2-18x10.webp 18w\" sizes=\"(max-width: 1280px) 100vw, 1280px\" title=\"\">\t\t\t\t\t\t\t\t\t\t\t\t\t\t\t<\/div>\n\t\t\t\t<\/div>\n\t\t\t\t<div class=\"elementor-element elementor-element-f440ac0 elementor-widget elementor-widget-image\" data-id=\"f440ac0\" data-element_type=\"widget\" data-e-type=\"widget\" data-widget_type=\"image.default\">\n\t\t\t\t<div class=\"elementor-widget-container\">\n\t\t\t\t\t\t\t\t\t\t\t\t\t\t\t<img decoding=\"async\" width=\"1280\" height=\"720\" src=\"https:\/\/loicnavarro.com\/media\/2024\/10\/Videaste-Nice-Videaste-Antibes-Videaste-Monaco-Videaste-Cannes-Loic-Navarro-Ad-Ulanzi-3.webp\" class=\"attachment-medium size-medium wp-image-12985\" alt=\"Videaste Nice - Videaste Antibes - Videaste Monaco - Videaste Cannes - Loic Navarro - Ad Ulanzi (3)\" srcset=\"https:\/\/loicnavarro.com\/media\/2024\/10\/Videaste-Nice-Videaste-Antibes-Videaste-Monaco-Videaste-Cannes-Loic-Navarro-Ad-Ulanzi-3.webp 1280w, https:\/\/loicnavarro.com\/media\/2024\/10\/Videaste-Nice-Videaste-Antibes-Videaste-Monaco-Videaste-Cannes-Loic-Navarro-Ad-Ulanzi-3-768x432.webp 768w, https:\/\/loicnavarro.com\/media\/2024\/10\/Videaste-Nice-Videaste-Antibes-Videaste-Monaco-Videaste-Cannes-Loic-Navarro-Ad-Ulanzi-3-18x10.webp 18w\" sizes=\"(max-width: 1280px) 100vw, 1280px\" title=\"\">\t\t\t\t\t\t\t\t\t\t\t\t\t\t\t<\/div>\n\t\t\t\t<\/div>\n\t\t\t\t<div class=\"elementor-element elementor-element-df28802 elementor-widget elementor-widget-image\" data-id=\"df28802\" data-element_type=\"widget\" data-e-type=\"widget\" data-widget_type=\"image.default\">\n\t\t\t\t<div class=\"elementor-widget-container\">\n\t\t\t\t\t\t\t\t\t\t\t\t\t\t\t<img loading=\"lazy\" decoding=\"async\" width=\"1280\" height=\"720\" src=\"https:\/\/loicnavarro.com\/media\/2024\/10\/Videaste-Nice-Videaste-Antibes-Videaste-Monaco-Videaste-Cannes-Loic-Navarro-Ad-Ulanzi-5.webp\" class=\"attachment-medium size-medium wp-image-12987\" alt=\"Videaste Nice - Videaste Antibes - Videaste Monaco - Videaste Cannes - Loic Navarro - Ad Ulanzi (5)\" srcset=\"https:\/\/loicnavarro.com\/media\/2024\/10\/Videaste-Nice-Videaste-Antibes-Videaste-Monaco-Videaste-Cannes-Loic-Navarro-Ad-Ulanzi-5.webp 1280w, https:\/\/loicnavarro.com\/media\/2024\/10\/Videaste-Nice-Videaste-Antibes-Videaste-Monaco-Videaste-Cannes-Loic-Navarro-Ad-Ulanzi-5-768x432.webp 768w, https:\/\/loicnavarro.com\/media\/2024\/10\/Videaste-Nice-Videaste-Antibes-Videaste-Monaco-Videaste-Cannes-Loic-Navarro-Ad-Ulanzi-5-18x10.webp 18w\" sizes=\"(max-width: 1280px) 100vw, 1280px\" title=\"\">\t\t\t\t\t\t\t\t\t\t\t\t\t\t\t<\/div>\n\t\t\t\t<\/div>\n\t\t\t\t<div class=\"elementor-element elementor-element-6e4cd77 elementor-widget elementor-widget-image\" data-id=\"6e4cd77\" data-element_type=\"widget\" data-e-type=\"widget\" data-widget_type=\"image.default\">\n\t\t\t\t<div class=\"elementor-widget-container\">\n\t\t\t\t\t\t\t\t\t\t\t\t\t\t\t<img loading=\"lazy\" decoding=\"async\" width=\"1280\" height=\"720\" src=\"https:\/\/loicnavarro.com\/media\/2024\/10\/Videaste-Nice-Videaste-Antibes-Videaste-Monaco-Videaste-Cannes-Loic-Navarro-Ad-Ulanzi-4.webp\" class=\"attachment-medium size-medium wp-image-12986\" alt=\"Videaste Nice - Videaste Antibes - Videaste Monaco - Videaste Cannes - Loic Navarro - Ad Ulanzi (4)\" srcset=\"https:\/\/loicnavarro.com\/media\/2024\/10\/Videaste-Nice-Videaste-Antibes-Videaste-Monaco-Videaste-Cannes-Loic-Navarro-Ad-Ulanzi-4.webp 1280w, https:\/\/loicnavarro.com\/media\/2024\/10\/Videaste-Nice-Videaste-Antibes-Videaste-Monaco-Videaste-Cannes-Loic-Navarro-Ad-Ulanzi-4-768x432.webp 768w, https:\/\/loicnavarro.com\/media\/2024\/10\/Videaste-Nice-Videaste-Antibes-Videaste-Monaco-Videaste-Cannes-Loic-Navarro-Ad-Ulanzi-4-18x10.webp 18w\" sizes=\"(max-width: 1280px) 100vw, 1280px\" title=\"\">\t\t\t\t\t\t\t\t\t\t\t\t\t\t\t<\/div>\n\t\t\t\t<\/div>\n\t\t\t\t<div class=\"elementor-element elementor-element-8c3937f elementor-widget elementor-widget-image\" data-id=\"8c3937f\" data-element_type=\"widget\" data-e-type=\"widget\" data-widget_type=\"image.default\">\n\t\t\t\t<div class=\"elementor-widget-container\">\n\t\t\t\t\t\t\t\t\t\t\t\t\t\t\t<img loading=\"lazy\" decoding=\"async\" width=\"1280\" height=\"720\" src=\"https:\/\/loicnavarro.com\/media\/2024\/10\/Videaste-Nice-Videaste-Antibes-Videaste-Monaco-Videaste-Cannes-Loic-Navarro-Ad-Ulanzi-6.webp\" class=\"attachment-medium size-medium wp-image-12988\" alt=\"Videaste Nice - Videaste Antibes - Videaste Monaco - Videaste Cannes - Loic Navarro - Ad Ulanzi (6)\" srcset=\"https:\/\/loicnavarro.com\/media\/2024\/10\/Videaste-Nice-Videaste-Antibes-Videaste-Monaco-Videaste-Cannes-Loic-Navarro-Ad-Ulanzi-6.webp 1280w, https:\/\/loicnavarro.com\/media\/2024\/10\/Videaste-Nice-Videaste-Antibes-Videaste-Monaco-Videaste-Cannes-Loic-Navarro-Ad-Ulanzi-6-768x432.webp 768w, https:\/\/loicnavarro.com\/media\/2024\/10\/Videaste-Nice-Videaste-Antibes-Videaste-Monaco-Videaste-Cannes-Loic-Navarro-Ad-Ulanzi-6-18x10.webp 18w\" sizes=\"(max-width: 1280px) 100vw, 1280px\" title=\"\">\t\t\t\t\t\t\t\t\t\t\t\t\t\t\t<\/div>\n\t\t\t\t<\/div>\n\t\t\t\t<div class=\"elementor-element elementor-element-ed4c39a elementor-widget elementor-widget-image\" data-id=\"ed4c39a\" data-element_type=\"widget\" data-e-type=\"widget\" data-widget_type=\"image.default\">\n\t\t\t\t<div class=\"elementor-widget-container\">\n\t\t\t\t\t\t\t\t\t\t\t\t\t\t\t<img loading=\"lazy\" decoding=\"async\" width=\"1280\" height=\"720\" src=\"https:\/\/loicnavarro.com\/media\/2024\/10\/Videaste-Nice-Videaste-Antibes-Videaste-Monaco-Videaste-Cannes-Loic-Navarro-Ad-Ulanzi-7.webp\" class=\"attachment-medium size-medium wp-image-12989\" alt=\"Videaste Nice - Videaste Antibes - Videaste Monaco - Videaste Cannes - Loic Navarro - Ad Ulanzi (7)\" srcset=\"https:\/\/loicnavarro.com\/media\/2024\/10\/Videaste-Nice-Videaste-Antibes-Videaste-Monaco-Videaste-Cannes-Loic-Navarro-Ad-Ulanzi-7.webp 1280w, https:\/\/loicnavarro.com\/media\/2024\/10\/Videaste-Nice-Videaste-Antibes-Videaste-Monaco-Videaste-Cannes-Loic-Navarro-Ad-Ulanzi-7-768x432.webp 768w, https:\/\/loicnavarro.com\/media\/2024\/10\/Videaste-Nice-Videaste-Antibes-Videaste-Monaco-Videaste-Cannes-Loic-Navarro-Ad-Ulanzi-7-18x10.webp 18w\" sizes=\"(max-width: 1280px) 100vw, 1280px\" title=\"\">\t\t\t\t\t\t\t\t\t\t\t\t\t\t\t<\/div>\n\t\t\t\t<\/div>\n\t\t\t\t<\/div>\n\t\t\t\t<div class=\"elementor-element elementor-element-0e0ec79 elementor-widget-divider--view-line elementor-widget elementor-widget-divider\" data-id=\"0e0ec79\" data-element_type=\"widget\" data-e-type=\"widget\" data-widget_type=\"divider.default\">\n\t\t\t\t<div class=\"elementor-widget-container\">\n\t\t\t\t\t\t\t<div class=\"elementor-divider\">\n\t\t\t<span class=\"elementor-divider-separator\">\n\t\t\t\t\t\t<\/span>\n\t\t<\/div>\n\t\t\t\t\t\t<\/div>\n\t\t\t\t<\/div>\n\t\t\t\t<\/div>\n\t\t\t\t\t<\/div>\n\t\t\t\t<\/div>\n\t\t\t\t<\/div>","protected":false},"excerpt":{"rendered":"<p>ULANZI &#8211; Solo Adventure (Spec Work) R\u00e9alisateur, chef op\u00e9rateur : Lo\u00efc NavarroMontage : Lo\u00efc NavarroTalent : Charlotte<\/p>","protected":false},"author":1,"featured_media":0,"parent":0,"menu_order":0,"comment_status":"closed","ping_status":"closed","template":"","meta":{"site-sidebar-layout":"no-sidebar","site-content-layout":"page-builder","ast-site-content-layout":"full-width-container","site-content-style":"default","site-sidebar-style":"default","ast-global-header-display":"","ast-banner-title-visibility":"","ast-main-header-display":"","ast-hfb-above-header-display":"","ast-hfb-below-header-display":"","ast-hfb-mobile-header-display":"","site-post-title":"disabled","ast-breadcrumbs-content":"","ast-featured-img":"disabled","footer-sml-layout":"","ast-disable-related-posts":"","theme-transparent-header-meta":"","adv-header-id-meta":"","stick-header-meta":"","header-above-stick-meta":"","header-main-stick-meta":"","header-below-stick-meta":"","astra-migrate-meta-layouts":"set","ast-page-background-enabled":"default","ast-page-background-meta":{"desktop":{"background-color":"var(--ast-global-color-4)","background-image":"","background-repeat":"repeat","background-position":"center center","background-size":"auto","background-attachment":"scroll","background-type":"","background-media":"","overlay-type":"","overlay-color":"","overlay-opacity":"","overlay-gradient":""},"tablet":{"background-color":"","background-image":"","background-repeat":"repeat","background-position":"center center","background-size":"auto","background-attachment":"scroll","background-type":"","background-media":"","overlay-type":"","overlay-color":"","overlay-opacity":"","overlay-gradient":""},"mobile":{"background-color":"","background-image":"","background-repeat":"repeat","background-position":"center center","background-size":"auto","background-attachment":"scroll","background-type":"","background-media":"","overlay-type":"","overlay-color":"","overlay-opacity":"","overlay-gradient":""}},"ast-content-background-meta":{"desktop":{"background-color":"var(--ast-global-color-5)","background-image":"","background-repeat":"repeat","background-position":"center center","background-size":"auto","background-attachment":"scroll","background-type":"","background-media":"","overlay-type":"","overlay-color":"","overlay-opacity":"","overlay-gradient":""},"tablet":{"background-color":"var(--ast-global-color-5)","background-image":"","background-repeat":"repeat","background-position":"center center","background-size":"auto","background-attachment":"scroll","background-type":"","background-media":"","overlay-type":"","overlay-color":"","overlay-opacity":"","overlay-gradient":""},"mobile":{"background-color":"var(--ast-global-color-5)","background-image":"","background-repeat":"repeat","background-position":"center center","background-size":"auto","background-attachment":"scroll","background-type":"","background-media":"","overlay-type":"","overlay-color":"","overlay-opacity":"","overlay-gradient":""}},"footnotes":""},"class_list":["post-12972","page","type-page","status-publish","hentry"],"_links":{"self":[{"href":"https:\/\/loicnavarro.com\/en\/wp-json\/wp\/v2\/pages\/12972","targetHints":{"allow":["GET"]}}],"collection":[{"href":"https:\/\/loicnavarro.com\/en\/wp-json\/wp\/v2\/pages"}],"about":[{"href":"https:\/\/loicnavarro.com\/en\/wp-json\/wp\/v2\/types\/page"}],"author":[{"embeddable":true,"href":"https:\/\/loicnavarro.com\/en\/wp-json\/wp\/v2\/users\/1"}],"replies":[{"embeddable":true,"href":"https:\/\/loicnavarro.com\/en\/wp-json\/wp\/v2\/comments?post=12972"}],"version-history":[{"count":68,"href":"https:\/\/loicnavarro.com\/en\/wp-json\/wp\/v2\/pages\/12972\/revisions"}],"predecessor-version":[{"id":14232,"href":"https:\/\/loicnavarro.com\/en\/wp-json\/wp\/v2\/pages\/12972\/revisions\/14232"}],"wp:attachment":[{"href":"https:\/\/loicnavarro.com\/en\/wp-json\/wp\/v2\/media?parent=12972"}],"curies":[{"name":"wp","href":"https:\/\/api.w.org\/{rel}","templated":true}]}}