{"id":13486,"date":"2025-01-26T11:03:24","date_gmt":"2025-01-26T10:03:24","guid":{"rendered":"https:\/\/loicnavarro.com\/?page_id=13486"},"modified":"2026-04-10T19:39:39","modified_gmt":"2026-04-10T18:39:39","slug":"collab-nayae-marnage-hamazan","status":"publish","type":"page","link":"https:\/\/loicnavarro.com\/en\/collab-nayae-marnage-hamazan\/","title":{"rendered":"COLLAB NAYAE MARNAGE HAMAZAN"},"content":{"rendered":"<div data-elementor-type=\"wp-page\" data-elementor-id=\"13486\" class=\"elementor elementor-13486\">\n\t\t\t\t<div class=\"elementor-element elementor-element-53a6728 e-flex e-con-boxed e-con e-parent\" data-id=\"53a6728\" data-element_type=\"container\" data-e-type=\"container\" data-settings=\"{&quot;background_background&quot;:&quot;classic&quot;}\">\n\t\t\t\t\t<div class=\"e-con-inner\">\n\t\t<div class=\"elementor-element elementor-element-9ca735d e-con-full e-flex e-con e-child\" data-id=\"9ca735d\" data-element_type=\"container\" data-e-type=\"container\">\n\t\t\t\t<div class=\"elementor-element elementor-element-5f4d952 elementor-widget elementor-widget-heading\" data-id=\"5f4d952\" data-element_type=\"widget\" data-e-type=\"widget\" data-widget_type=\"heading.default\">\n\t\t\t\t<div class=\"elementor-widget-container\">\n\t\t\t\t\t<h2 class=\"elementor-heading-title elementor-size-default\"><b>CR\u00c9ATIONS PARISIENNES <\/b>- NMH<\/h2>\t\t\t\t<\/div>\n\t\t\t\t<\/div>\n\t\t\t\t<div class=\"elementor-element elementor-element-04c88d8 elementor-widget-divider--view-line elementor-widget elementor-widget-divider\" data-id=\"04c88d8\" data-element_type=\"widget\" data-e-type=\"widget\" data-widget_type=\"divider.default\">\n\t\t\t\t<div class=\"elementor-widget-container\">\n\t\t\t\t\t\t\t<div class=\"elementor-divider\">\n\t\t\t<span class=\"elementor-divider-separator\">\n\t\t\t\t\t\t<\/span>\n\t\t<\/div>\n\t\t\t\t\t\t<\/div>\n\t\t\t\t<\/div>\n\t\t<div class=\"elementor-element elementor-element-c3d49d7 e-con-full e-flex e-con e-child\" data-id=\"c3d49d7\" data-element_type=\"container\" data-e-type=\"container\">\n\t\t\t\t<div class=\"elementor-element elementor-element-ee5a4e7 elementor-widget elementor-widget-video\" data-id=\"ee5a4e7\" data-element_type=\"widget\" data-e-type=\"widget\" data-settings=\"{&quot;video_type&quot;:&quot;vimeo&quot;,&quot;yt_privacy&quot;:&quot;yes&quot;}\" data-widget_type=\"video.default\">\n\t\t\t\t<div class=\"elementor-widget-container\">\n\t\t\t\t\t\t\t<div class=\"elementor-wrapper elementor-open-inline\">\n\t\t\t<iframe class=\"elementor-video-iframe\" allowfullscreen allow=\"clipboard-write\" title=\"vimeo Video Player\" src=\"https:\/\/player.vimeo.com\/video\/1050466248?color&amp;autopause=0&amp;dnt=true&amp;loop=0&amp;muted=0&amp;title=0&amp;portrait=0&amp;byline=0#t=\" data-no-translation-title=\"\"><\/iframe>\t\t<\/div>\n\t\t\t\t\t\t<\/div>\n\t\t\t\t<\/div>\n\t\t\t\t<\/div>\n\t\t\t\t<div class=\"elementor-element elementor-element-930dd3a elementor-widget elementor-widget-text-editor\" data-id=\"930dd3a\" data-element_type=\"widget\" data-e-type=\"widget\" data-widget_type=\"text-editor.default\">\n\t\t\t\t<div class=\"elementor-widget-container\">\n\t\t\t\t\t\t\t\t\t<p><strong>Collaboration :<\/strong> Naya\u00eb, Marnage &amp; Hamazan<br \/><strong>R\u00e9alisateur, chef op\u00e9rateur :<\/strong> Lo\u00efc Navarro<\/p><p><strong>Monteur :<\/strong> Lo\u00efc Navarro<br \/><strong>Talent :<\/strong> Salom\u00e9 Terki<\/p>\t\t\t\t\t\t\t\t<\/div>\n\t\t\t\t<\/div>\n\t\t\t\t<\/div>\n\t\t<div class=\"elementor-element elementor-element-755c836 e-con-full e-flex e-con e-child\" data-id=\"755c836\" data-element_type=\"container\" data-e-type=\"container\">\n\t\t\t\t<div class=\"elementor-element elementor-element-45b073b elementor-widget-divider--view-line elementor-widget elementor-widget-divider\" data-id=\"45b073b\" data-element_type=\"widget\" data-e-type=\"widget\" data-widget_type=\"divider.default\">\n\t\t\t\t<div class=\"elementor-widget-container\">\n\t\t\t\t\t\t\t<div class=\"elementor-divider\">\n\t\t\t<span class=\"elementor-divider-separator\">\n\t\t\t\t\t\t<\/span>\n\t\t<\/div>\n\t\t\t\t\t\t<\/div>\n\t\t\t\t<\/div>\n\t\t<div class=\"elementor-element elementor-element-3eb287e e-grid e-con-full e-con e-child\" data-id=\"3eb287e\" data-element_type=\"container\" data-e-type=\"container\">\n\t\t\t\t<div class=\"elementor-element elementor-element-e383644 elementor-widget elementor-widget-image\" data-id=\"e383644\" data-element_type=\"widget\" data-e-type=\"widget\" data-widget_type=\"image.default\">\n\t\t\t\t<div class=\"elementor-widget-container\">\n\t\t\t\t\t\t\t\t\t\t\t\t\t\t\t<img fetchpriority=\"high\" decoding=\"async\" width=\"1280\" height=\"720\" src=\"https:\/\/loicnavarro.com\/media\/2025\/01\/Videaste-Paris-Realisateur-video-Nice-Mode-Luxe-Loic-Navarro-2.webp\" class=\"attachment-medium size-medium wp-image-13493\" alt=\"Vid\u00e9aste Paris, R\u00e9alisateur video Nice, Mode, Luxe - Loic Navarro 2\" srcset=\"https:\/\/loicnavarro.com\/media\/2025\/01\/Videaste-Paris-Realisateur-video-Nice-Mode-Luxe-Loic-Navarro-2.webp 1280w, https:\/\/loicnavarro.com\/media\/2025\/01\/Videaste-Paris-Realisateur-video-Nice-Mode-Luxe-Loic-Navarro-2-768x432.webp 768w, https:\/\/loicnavarro.com\/media\/2025\/01\/Videaste-Paris-Realisateur-video-Nice-Mode-Luxe-Loic-Navarro-2-18x10.webp 18w\" sizes=\"(max-width: 1280px) 100vw, 1280px\" title=\"\">\t\t\t\t\t\t\t\t\t\t\t\t\t\t\t<\/div>\n\t\t\t\t<\/div>\n\t\t\t\t<div class=\"elementor-element elementor-element-b768341 elementor-widget elementor-widget-image\" data-id=\"b768341\" data-element_type=\"widget\" data-e-type=\"widget\" data-widget_type=\"image.default\">\n\t\t\t\t<div class=\"elementor-widget-container\">\n\t\t\t\t\t\t\t\t\t\t\t\t\t\t\t<img decoding=\"async\" width=\"1280\" height=\"720\" src=\"https:\/\/loicnavarro.com\/media\/2025\/01\/Videaste-Paris-Realisateur-video-Nice-Mode-Luxe-Loic-Navarro-5.webp\" class=\"attachment-medium size-medium wp-image-13496\" alt=\"Vid\u00e9aste Paris, R\u00e9alisateur video Nice, Mode, Luxe - Loic Navarro 5\" srcset=\"https:\/\/loicnavarro.com\/media\/2025\/01\/Videaste-Paris-Realisateur-video-Nice-Mode-Luxe-Loic-Navarro-5.webp 1280w, https:\/\/loicnavarro.com\/media\/2025\/01\/Videaste-Paris-Realisateur-video-Nice-Mode-Luxe-Loic-Navarro-5-768x432.webp 768w, https:\/\/loicnavarro.com\/media\/2025\/01\/Videaste-Paris-Realisateur-video-Nice-Mode-Luxe-Loic-Navarro-5-18x10.webp 18w\" sizes=\"(max-width: 1280px) 100vw, 1280px\" title=\"\">\t\t\t\t\t\t\t\t\t\t\t\t\t\t\t<\/div>\n\t\t\t\t<\/div>\n\t\t\t\t<div class=\"elementor-element elementor-element-ff516bd elementor-widget elementor-widget-image\" data-id=\"ff516bd\" data-element_type=\"widget\" data-e-type=\"widget\" data-widget_type=\"image.default\">\n\t\t\t\t<div class=\"elementor-widget-container\">\n\t\t\t\t\t\t\t\t\t\t\t\t\t\t\t<img decoding=\"async\" width=\"1280\" height=\"720\" src=\"https:\/\/loicnavarro.com\/media\/2025\/01\/Videaste-Paris-Realisateur-video-Nice-Mode-Luxe-Loic-Navarro-3.webp\" class=\"attachment-medium size-medium wp-image-13494\" alt=\"Vid\u00e9aste Paris, R\u00e9alisateur video Nice, Mode, Luxe - Loic Navarro 3\" srcset=\"https:\/\/loicnavarro.com\/media\/2025\/01\/Videaste-Paris-Realisateur-video-Nice-Mode-Luxe-Loic-Navarro-3.webp 1280w, https:\/\/loicnavarro.com\/media\/2025\/01\/Videaste-Paris-Realisateur-video-Nice-Mode-Luxe-Loic-Navarro-3-768x432.webp 768w, https:\/\/loicnavarro.com\/media\/2025\/01\/Videaste-Paris-Realisateur-video-Nice-Mode-Luxe-Loic-Navarro-3-18x10.webp 18w\" sizes=\"(max-width: 1280px) 100vw, 1280px\" title=\"\">\t\t\t\t\t\t\t\t\t\t\t\t\t\t\t<\/div>\n\t\t\t\t<\/div>\n\t\t\t\t<div class=\"elementor-element elementor-element-411395c elementor-widget elementor-widget-image\" data-id=\"411395c\" data-element_type=\"widget\" data-e-type=\"widget\" data-widget_type=\"image.default\">\n\t\t\t\t<div class=\"elementor-widget-container\">\n\t\t\t\t\t\t\t\t\t\t\t\t\t\t\t<img loading=\"lazy\" decoding=\"async\" width=\"1280\" height=\"720\" src=\"https:\/\/loicnavarro.com\/media\/2025\/01\/Videaste-Paris-Realisateur-video-Nice-Mode-Luxe-Loic-Navarro-4.webp\" class=\"attachment-medium size-medium wp-image-13495\" alt=\"Vid\u00e9aste Paris, R\u00e9alisateur video Nice, Mode, Luxe - Loic Navarro 4\" srcset=\"https:\/\/loicnavarro.com\/media\/2025\/01\/Videaste-Paris-Realisateur-video-Nice-Mode-Luxe-Loic-Navarro-4.webp 1280w, https:\/\/loicnavarro.com\/media\/2025\/01\/Videaste-Paris-Realisateur-video-Nice-Mode-Luxe-Loic-Navarro-4-768x432.webp 768w, https:\/\/loicnavarro.com\/media\/2025\/01\/Videaste-Paris-Realisateur-video-Nice-Mode-Luxe-Loic-Navarro-4-18x10.webp 18w\" sizes=\"(max-width: 1280px) 100vw, 1280px\" title=\"\">\t\t\t\t\t\t\t\t\t\t\t\t\t\t\t<\/div>\n\t\t\t\t<\/div>\n\t\t\t\t<div class=\"elementor-element elementor-element-869e852 elementor-widget elementor-widget-image\" data-id=\"869e852\" data-element_type=\"widget\" data-e-type=\"widget\" data-widget_type=\"image.default\">\n\t\t\t\t<div class=\"elementor-widget-container\">\n\t\t\t\t\t\t\t\t\t\t\t\t\t\t\t<img loading=\"lazy\" decoding=\"async\" width=\"1280\" height=\"720\" src=\"https:\/\/loicnavarro.com\/media\/2025\/01\/Videaste-Paris-Realisateur-video-Nice-Mode-Luxe-Loic-Navarro-6.webp\" class=\"attachment-medium size-medium wp-image-13497\" alt=\"Vid\u00e9aste Paris, R\u00e9alisateur video Nice, Mode, Luxe - Loic Navarro 6\" srcset=\"https:\/\/loicnavarro.com\/media\/2025\/01\/Videaste-Paris-Realisateur-video-Nice-Mode-Luxe-Loic-Navarro-6.webp 1280w, https:\/\/loicnavarro.com\/media\/2025\/01\/Videaste-Paris-Realisateur-video-Nice-Mode-Luxe-Loic-Navarro-6-768x432.webp 768w, https:\/\/loicnavarro.com\/media\/2025\/01\/Videaste-Paris-Realisateur-video-Nice-Mode-Luxe-Loic-Navarro-6-18x10.webp 18w\" sizes=\"(max-width: 1280px) 100vw, 1280px\" title=\"\">\t\t\t\t\t\t\t\t\t\t\t\t\t\t\t<\/div>\n\t\t\t\t<\/div>\n\t\t\t\t<div class=\"elementor-element elementor-element-d5c4741 elementor-widget elementor-widget-image\" data-id=\"d5c4741\" data-element_type=\"widget\" data-e-type=\"widget\" data-widget_type=\"image.default\">\n\t\t\t\t<div class=\"elementor-widget-container\">\n\t\t\t\t\t\t\t\t\t\t\t\t\t\t\t<img loading=\"lazy\" decoding=\"async\" width=\"1280\" height=\"720\" src=\"https:\/\/loicnavarro.com\/media\/2025\/01\/Videaste-Paris-Realisateur-video-Nice-Mode-Luxe-Loic-Navarro-7.webp\" class=\"attachment-medium size-medium wp-image-13498\" alt=\"Vid\u00e9aste Paris, R\u00e9alisateur video Nice, Mode, Luxe - Loic Navarro 7\" srcset=\"https:\/\/loicnavarro.com\/media\/2025\/01\/Videaste-Paris-Realisateur-video-Nice-Mode-Luxe-Loic-Navarro-7.webp 1280w, https:\/\/loicnavarro.com\/media\/2025\/01\/Videaste-Paris-Realisateur-video-Nice-Mode-Luxe-Loic-Navarro-7-768x432.webp 768w, https:\/\/loicnavarro.com\/media\/2025\/01\/Videaste-Paris-Realisateur-video-Nice-Mode-Luxe-Loic-Navarro-7-18x10.webp 18w\" sizes=\"(max-width: 1280px) 100vw, 1280px\" title=\"\">\t\t\t\t\t\t\t\t\t\t\t\t\t\t\t<\/div>\n\t\t\t\t<\/div>\n\t\t\t\t<\/div>\n\t\t\t\t<div class=\"elementor-element elementor-element-a3815b3 elementor-widget-divider--view-line elementor-widget elementor-widget-divider\" data-id=\"a3815b3\" data-element_type=\"widget\" data-e-type=\"widget\" data-widget_type=\"divider.default\">\n\t\t\t\t<div class=\"elementor-widget-container\">\n\t\t\t\t\t\t\t<div class=\"elementor-divider\">\n\t\t\t<span class=\"elementor-divider-separator\">\n\t\t\t\t\t\t<\/span>\n\t\t<\/div>\n\t\t\t\t\t\t<\/div>\n\t\t\t\t<\/div>\n\t\t\t\t<\/div>\n\t\t\t\t\t<\/div>\n\t\t\t\t<\/div>\n\t\t\t\t<\/div>","protected":false},"excerpt":{"rendered":"<p>CR\u00c9ATIONS PARISIENNES &#8211; NMH https:\/\/vimeo.com\/1050466248?share=copy Collaboration : Naya\u00eb, Marnage &amp; HamazanR\u00e9alisateur, chef op\u00e9rateur : Lo\u00efc Navarro Monteur : Lo\u00efc NavarroTalent : Salom\u00e9 Terki<\/p>","protected":false},"author":1,"featured_media":0,"parent":0,"menu_order":0,"comment_status":"closed","ping_status":"closed","template":"","meta":{"site-sidebar-layout":"no-sidebar","site-content-layout":"page-builder","ast-site-content-layout":"full-width-container","site-content-style":"default","site-sidebar-style":"default","ast-global-header-display":"","ast-banner-title-visibility":"","ast-main-header-display":"","ast-hfb-above-header-display":"","ast-hfb-below-header-display":"","ast-hfb-mobile-header-display":"","site-post-title":"disabled","ast-breadcrumbs-content":"","ast-featured-img":"disabled","footer-sml-layout":"","ast-disable-related-posts":"","theme-transparent-header-meta":"","adv-header-id-meta":"","stick-header-meta":"","header-above-stick-meta":"","header-main-stick-meta":"","header-below-stick-meta":"","astra-migrate-meta-layouts":"set","ast-page-background-enabled":"default","ast-page-background-meta":{"desktop":{"background-color":"var(--ast-global-color-4)","background-image":"","background-repeat":"repeat","background-position":"center center","background-size":"auto","background-attachment":"scroll","background-type":"","background-media":"","overlay-type":"","overlay-color":"","overlay-opacity":"","overlay-gradient":""},"tablet":{"background-color":"","background-image":"","background-repeat":"repeat","background-position":"center center","background-size":"auto","background-attachment":"scroll","background-type":"","background-media":"","overlay-type":"","overlay-color":"","overlay-opacity":"","overlay-gradient":""},"mobile":{"background-color":"","background-image":"","background-repeat":"repeat","background-position":"center center","background-size":"auto","background-attachment":"scroll","background-type":"","background-media":"","overlay-type":"","overlay-color":"","overlay-opacity":"","overlay-gradient":""}},"ast-content-background-meta":{"desktop":{"background-color":"var(--ast-global-color-5)","background-image":"","background-repeat":"repeat","background-position":"center center","background-size":"auto","background-attachment":"scroll","background-type":"","background-media":"","overlay-type":"","overlay-color":"","overlay-opacity":"","overlay-gradient":""},"tablet":{"background-color":"var(--ast-global-color-5)","background-image":"","background-repeat":"repeat","background-position":"center center","background-size":"auto","background-attachment":"scroll","background-type":"","background-media":"","overlay-type":"","overlay-color":"","overlay-opacity":"","overlay-gradient":""},"mobile":{"background-color":"var(--ast-global-color-5)","background-image":"","background-repeat":"repeat","background-position":"center center","background-size":"auto","background-attachment":"scroll","background-type":"","background-media":"","overlay-type":"","overlay-color":"","overlay-opacity":"","overlay-gradient":""}},"footnotes":""},"class_list":["post-13486","page","type-page","status-publish","hentry"],"_links":{"self":[{"href":"https:\/\/loicnavarro.com\/en\/wp-json\/wp\/v2\/pages\/13486","targetHints":{"allow":["GET"]}}],"collection":[{"href":"https:\/\/loicnavarro.com\/en\/wp-json\/wp\/v2\/pages"}],"about":[{"href":"https:\/\/loicnavarro.com\/en\/wp-json\/wp\/v2\/types\/page"}],"author":[{"embeddable":true,"href":"https:\/\/loicnavarro.com\/en\/wp-json\/wp\/v2\/users\/1"}],"replies":[{"embeddable":true,"href":"https:\/\/loicnavarro.com\/en\/wp-json\/wp\/v2\/comments?post=13486"}],"version-history":[{"count":47,"href":"https:\/\/loicnavarro.com\/en\/wp-json\/wp\/v2\/pages\/13486\/revisions"}],"predecessor-version":[{"id":14262,"href":"https:\/\/loicnavarro.com\/en\/wp-json\/wp\/v2\/pages\/13486\/revisions\/14262"}],"wp:attachment":[{"href":"https:\/\/loicnavarro.com\/en\/wp-json\/wp\/v2\/media?parent=13486"}],"curies":[{"name":"wp","href":"https:\/\/api.w.org\/{rel}","templated":true}]}}