{"id":13817,"date":"2025-10-19T16:19:30","date_gmt":"2025-10-19T15:19:30","guid":{"rendered":"https:\/\/loicnavarro.com\/?page_id=13817"},"modified":"2026-04-10T19:06:49","modified_gmt":"2026-04-10T18:06:49","slug":"video-brooks-divide-6","status":"publish","type":"page","link":"https:\/\/loicnavarro.com\/en\/video-brooks-divide-6\/","title":{"rendered":"BROOKS"},"content":{"rendered":"<div data-elementor-type=\"wp-page\" data-elementor-id=\"13817\" class=\"elementor elementor-13817\">\n\t\t\t\t<div class=\"elementor-element elementor-element-2f5b890 e-flex e-con-boxed e-con e-parent\" data-id=\"2f5b890\" data-element_type=\"container\" data-e-type=\"container\" data-settings=\"{&quot;background_background&quot;:&quot;classic&quot;}\">\n\t\t\t\t\t<div class=\"e-con-inner\">\n\t\t<div class=\"elementor-element elementor-element-2f6eaef e-con-full e-flex e-con e-child\" data-id=\"2f6eaef\" data-element_type=\"container\" data-e-type=\"container\">\n\t\t\t\t<div class=\"elementor-element elementor-element-7606fce elementor-widget elementor-widget-heading\" data-id=\"7606fce\" data-element_type=\"widget\" data-e-type=\"widget\" data-widget_type=\"heading.default\">\n\t\t\t\t<div class=\"elementor-widget-container\">\n\t\t\t\t\t<h2 class=\"elementor-heading-title elementor-size-default\"><b>BROOKS<\/b> - Run With Divide 6<\/h2>\t\t\t\t<\/div>\n\t\t\t\t<\/div>\n\t\t\t\t<div class=\"elementor-element elementor-element-c3f9cb3 elementor-widget-divider--view-line elementor-widget elementor-widget-divider\" data-id=\"c3f9cb3\" data-element_type=\"widget\" data-e-type=\"widget\" data-widget_type=\"divider.default\">\n\t\t\t\t<div class=\"elementor-widget-container\">\n\t\t\t\t\t\t\t<div class=\"elementor-divider\">\n\t\t\t<span class=\"elementor-divider-separator\">\n\t\t\t\t\t\t<\/span>\n\t\t<\/div>\n\t\t\t\t\t\t<\/div>\n\t\t\t\t<\/div>\n\t\t<div class=\"elementor-element elementor-element-2d57e33 e-con-full e-flex e-con e-child\" data-id=\"2d57e33\" data-element_type=\"container\" data-e-type=\"container\">\n\t\t\t\t<div class=\"elementor-element elementor-element-b7cea82 elementor-widget elementor-widget-video\" data-id=\"b7cea82\" data-element_type=\"widget\" data-e-type=\"widget\" data-settings=\"{&quot;video_type&quot;:&quot;vimeo&quot;,&quot;yt_privacy&quot;:&quot;yes&quot;}\" data-widget_type=\"video.default\">\n\t\t\t\t<div class=\"elementor-widget-container\">\n\t\t\t\t\t\t\t<div class=\"elementor-wrapper elementor-open-inline\">\n\t\t\t<iframe class=\"elementor-video-iframe\" allowfullscreen allow=\"clipboard-write\" title=\"Lecteur vid\u00e9o vimeo\" src=\"https:\/\/player.vimeo.com\/video\/1132457863?color&amp;autopause=0&amp;dnt=true&amp;loop=0&amp;muted=0&amp;title=0&amp;portrait=0&amp;byline=0#t=\"><\/iframe>\t\t<\/div>\n\t\t\t\t\t\t<\/div>\n\t\t\t\t<\/div>\n\t\t\t\t<\/div>\n\t\t\t\t<div class=\"elementor-element elementor-element-0ad07f7 elementor-widget elementor-widget-heading\" data-id=\"0ad07f7\" data-element_type=\"widget\" data-e-type=\"widget\" data-widget_type=\"heading.default\">\n\t\t\t\t<div class=\"elementor-widget-container\">\n\t\t\t\t\t<h3 class=\"elementor-heading-title elementor-size-default\">(Spec Work)<\/h3>\t\t\t\t<\/div>\n\t\t\t\t<\/div>\n\t\t\t\t<div class=\"elementor-element elementor-element-532dc43 elementor-widget elementor-widget-text-editor\" data-id=\"532dc43\" data-element_type=\"widget\" data-e-type=\"widget\" data-widget_type=\"text-editor.default\">\n\t\t\t\t<div class=\"elementor-widget-container\">\n\t\t\t\t\t\t\t\t\t<p><strong>R\u00e9alisateur, chef op\u00e9rateur :<\/strong> Lo\u00efc Navarro<br \/><strong>Montage :<\/strong> Lo\u00efc Navarro<br \/><strong>Talent :<\/strong> Emma<br \/><strong>Voix Off :<\/strong> Eva<\/p>\t\t\t\t\t\t\t\t<\/div>\n\t\t\t\t<\/div>\n\t\t\t\t<\/div>\n\t\t<div class=\"elementor-element elementor-element-9efc810 e-con-full e-flex e-con e-child\" data-id=\"9efc810\" data-element_type=\"container\" data-e-type=\"container\">\n\t\t\t\t<div class=\"elementor-element elementor-element-336e0d5 elementor-widget-divider--view-line elementor-widget elementor-widget-divider\" data-id=\"336e0d5\" data-element_type=\"widget\" data-e-type=\"widget\" data-widget_type=\"divider.default\">\n\t\t\t\t<div class=\"elementor-widget-container\">\n\t\t\t\t\t\t\t<div class=\"elementor-divider\">\n\t\t\t<span class=\"elementor-divider-separator\">\n\t\t\t\t\t\t<\/span>\n\t\t<\/div>\n\t\t\t\t\t\t<\/div>\n\t\t\t\t<\/div>\n\t\t<div class=\"elementor-element elementor-element-c2d1008 e-grid e-con-full e-con e-child\" data-id=\"c2d1008\" data-element_type=\"container\" data-e-type=\"container\">\n\t\t\t\t<div class=\"elementor-element elementor-element-2483b5a elementor-widget elementor-widget-image\" data-id=\"2483b5a\" data-element_type=\"widget\" data-e-type=\"widget\" data-widget_type=\"image.default\">\n\t\t\t\t<div class=\"elementor-widget-container\">\n\t\t\t\t\t\t\t\t\t\t\t\t\t\t\t<img fetchpriority=\"high\" decoding=\"async\" width=\"1920\" height=\"1080\" src=\"https:\/\/loicnavarro.com\/media\/2025\/10\/BROOKS-Publicite-Ad-Videaste-Nice-Paris-Monaco-Loic-Navarro-8.webp\" class=\"attachment-medium size-medium wp-image-13890\" alt=\"BROOKS Publicit\u00e9 Ad - Vid\u00e9aste Nice, Paris, Monaco - Lo\u00efc Navarro (8)\" srcset=\"https:\/\/loicnavarro.com\/media\/2025\/10\/BROOKS-Publicite-Ad-Videaste-Nice-Paris-Monaco-Loic-Navarro-8.webp 1920w, https:\/\/loicnavarro.com\/media\/2025\/10\/BROOKS-Publicite-Ad-Videaste-Nice-Paris-Monaco-Loic-Navarro-8-768x432.webp 768w, https:\/\/loicnavarro.com\/media\/2025\/10\/BROOKS-Publicite-Ad-Videaste-Nice-Paris-Monaco-Loic-Navarro-8-1536x864.webp 1536w, https:\/\/loicnavarro.com\/media\/2025\/10\/BROOKS-Publicite-Ad-Videaste-Nice-Paris-Monaco-Loic-Navarro-8-18x10.webp 18w\" sizes=\"(max-width: 1920px) 100vw, 1920px\" title=\"\">\t\t\t\t\t\t\t\t\t\t\t\t\t\t\t<\/div>\n\t\t\t\t<\/div>\n\t\t\t\t<div class=\"elementor-element elementor-element-ffc3163 elementor-widget elementor-widget-image\" data-id=\"ffc3163\" data-element_type=\"widget\" data-e-type=\"widget\" data-widget_type=\"image.default\">\n\t\t\t\t<div class=\"elementor-widget-container\">\n\t\t\t\t\t\t\t\t\t\t\t\t\t\t\t<img decoding=\"async\" width=\"1920\" height=\"1080\" src=\"https:\/\/loicnavarro.com\/media\/2025\/10\/BROOKS-Publicite-Ad-Videaste-Nice-Paris-Monaco-Loic-Navarro-7.webp\" class=\"attachment-medium size-medium wp-image-13889\" alt=\"BROOKS Publicit\u00e9 Ad - Vid\u00e9aste Nice, Paris, Monaco - Lo\u00efc Navarro (7)\" srcset=\"https:\/\/loicnavarro.com\/media\/2025\/10\/BROOKS-Publicite-Ad-Videaste-Nice-Paris-Monaco-Loic-Navarro-7.webp 1920w, https:\/\/loicnavarro.com\/media\/2025\/10\/BROOKS-Publicite-Ad-Videaste-Nice-Paris-Monaco-Loic-Navarro-7-768x432.webp 768w, https:\/\/loicnavarro.com\/media\/2025\/10\/BROOKS-Publicite-Ad-Videaste-Nice-Paris-Monaco-Loic-Navarro-7-1536x864.webp 1536w, https:\/\/loicnavarro.com\/media\/2025\/10\/BROOKS-Publicite-Ad-Videaste-Nice-Paris-Monaco-Loic-Navarro-7-18x10.webp 18w\" sizes=\"(max-width: 1920px) 100vw, 1920px\" title=\"\">\t\t\t\t\t\t\t\t\t\t\t\t\t\t\t<\/div>\n\t\t\t\t<\/div>\n\t\t\t\t<div class=\"elementor-element elementor-element-c18eb1e elementor-widget elementor-widget-image\" data-id=\"c18eb1e\" data-element_type=\"widget\" data-e-type=\"widget\" data-widget_type=\"image.default\">\n\t\t\t\t<div class=\"elementor-widget-container\">\n\t\t\t\t\t\t\t\t\t\t\t\t\t\t\t<img decoding=\"async\" width=\"1920\" height=\"1080\" src=\"https:\/\/loicnavarro.com\/media\/2025\/10\/BROOKS-Publicite-Ad-Videaste-Nice-Paris-Monaco-Loic-Navarro-5.webp\" class=\"attachment-medium size-medium wp-image-13887\" alt=\"BROOKS Publicit\u00e9 Ad - Vid\u00e9aste Nice, Paris, Monaco - Lo\u00efc Navarro (5)\" srcset=\"https:\/\/loicnavarro.com\/media\/2025\/10\/BROOKS-Publicite-Ad-Videaste-Nice-Paris-Monaco-Loic-Navarro-5.webp 1920w, https:\/\/loicnavarro.com\/media\/2025\/10\/BROOKS-Publicite-Ad-Videaste-Nice-Paris-Monaco-Loic-Navarro-5-768x432.webp 768w, https:\/\/loicnavarro.com\/media\/2025\/10\/BROOKS-Publicite-Ad-Videaste-Nice-Paris-Monaco-Loic-Navarro-5-1536x864.webp 1536w, https:\/\/loicnavarro.com\/media\/2025\/10\/BROOKS-Publicite-Ad-Videaste-Nice-Paris-Monaco-Loic-Navarro-5-18x10.webp 18w\" sizes=\"(max-width: 1920px) 100vw, 1920px\" title=\"\">\t\t\t\t\t\t\t\t\t\t\t\t\t\t\t<\/div>\n\t\t\t\t<\/div>\n\t\t\t\t<div class=\"elementor-element elementor-element-727f3c0 elementor-widget elementor-widget-image\" data-id=\"727f3c0\" data-element_type=\"widget\" data-e-type=\"widget\" data-widget_type=\"image.default\">\n\t\t\t\t<div class=\"elementor-widget-container\">\n\t\t\t\t\t\t\t\t\t\t\t\t\t\t\t<img loading=\"lazy\" decoding=\"async\" width=\"1920\" height=\"1080\" src=\"https:\/\/loicnavarro.com\/media\/2025\/10\/BROOKS-Publicite-Ad-Videaste-Nice-Paris-Monaco-Loic-Navarro-6.webp\" class=\"attachment-medium size-medium wp-image-13888\" alt=\"BROOKS Publicit\u00e9 Ad - Vid\u00e9aste Nice, Paris, Monaco - Lo\u00efc Navarro (6)\" srcset=\"https:\/\/loicnavarro.com\/media\/2025\/10\/BROOKS-Publicite-Ad-Videaste-Nice-Paris-Monaco-Loic-Navarro-6.webp 1920w, https:\/\/loicnavarro.com\/media\/2025\/10\/BROOKS-Publicite-Ad-Videaste-Nice-Paris-Monaco-Loic-Navarro-6-768x432.webp 768w, https:\/\/loicnavarro.com\/media\/2025\/10\/BROOKS-Publicite-Ad-Videaste-Nice-Paris-Monaco-Loic-Navarro-6-1536x864.webp 1536w, https:\/\/loicnavarro.com\/media\/2025\/10\/BROOKS-Publicite-Ad-Videaste-Nice-Paris-Monaco-Loic-Navarro-6-18x10.webp 18w\" sizes=\"(max-width: 1920px) 100vw, 1920px\" title=\"\">\t\t\t\t\t\t\t\t\t\t\t\t\t\t\t<\/div>\n\t\t\t\t<\/div>\n\t\t\t\t<div class=\"elementor-element elementor-element-3568bdd elementor-widget elementor-widget-image\" data-id=\"3568bdd\" data-element_type=\"widget\" data-e-type=\"widget\" data-widget_type=\"image.default\">\n\t\t\t\t<div class=\"elementor-widget-container\">\n\t\t\t\t\t\t\t\t\t\t\t\t\t\t\t<img loading=\"lazy\" decoding=\"async\" width=\"1920\" height=\"1080\" src=\"https:\/\/loicnavarro.com\/media\/2025\/10\/BROOKS-Publicite-Ad-Videaste-Nice-Paris-Monaco-Loic-Navarro-4.webp\" class=\"attachment-medium size-medium wp-image-13886\" alt=\"BROOKS Publicit\u00e9 Ad - Vid\u00e9aste Nice, Paris, Monaco - Lo\u00efc Navarro (4)\" srcset=\"https:\/\/loicnavarro.com\/media\/2025\/10\/BROOKS-Publicite-Ad-Videaste-Nice-Paris-Monaco-Loic-Navarro-4.webp 1920w, https:\/\/loicnavarro.com\/media\/2025\/10\/BROOKS-Publicite-Ad-Videaste-Nice-Paris-Monaco-Loic-Navarro-4-768x432.webp 768w, https:\/\/loicnavarro.com\/media\/2025\/10\/BROOKS-Publicite-Ad-Videaste-Nice-Paris-Monaco-Loic-Navarro-4-1536x864.webp 1536w, https:\/\/loicnavarro.com\/media\/2025\/10\/BROOKS-Publicite-Ad-Videaste-Nice-Paris-Monaco-Loic-Navarro-4-18x10.webp 18w\" sizes=\"(max-width: 1920px) 100vw, 1920px\" title=\"\">\t\t\t\t\t\t\t\t\t\t\t\t\t\t\t<\/div>\n\t\t\t\t<\/div>\n\t\t\t\t<div class=\"elementor-element elementor-element-3e2badd elementor-widget elementor-widget-image\" data-id=\"3e2badd\" data-element_type=\"widget\" data-e-type=\"widget\" data-widget_type=\"image.default\">\n\t\t\t\t<div class=\"elementor-widget-container\">\n\t\t\t\t\t\t\t\t\t\t\t\t\t\t\t<img loading=\"lazy\" decoding=\"async\" width=\"1920\" height=\"1080\" src=\"https:\/\/loicnavarro.com\/media\/2025\/10\/BROOKS-Publicite-Ad-Videaste-Nice-Paris-Monaco-Loic-Navarro-3.webp\" class=\"attachment-medium size-medium wp-image-13885\" alt=\"BROOKS Publicit\u00e9 Ad - Vid\u00e9aste Nice, Paris, Monaco - Lo\u00efc Navarro (3)\" srcset=\"https:\/\/loicnavarro.com\/media\/2025\/10\/BROOKS-Publicite-Ad-Videaste-Nice-Paris-Monaco-Loic-Navarro-3.webp 1920w, https:\/\/loicnavarro.com\/media\/2025\/10\/BROOKS-Publicite-Ad-Videaste-Nice-Paris-Monaco-Loic-Navarro-3-768x432.webp 768w, https:\/\/loicnavarro.com\/media\/2025\/10\/BROOKS-Publicite-Ad-Videaste-Nice-Paris-Monaco-Loic-Navarro-3-1536x864.webp 1536w, https:\/\/loicnavarro.com\/media\/2025\/10\/BROOKS-Publicite-Ad-Videaste-Nice-Paris-Monaco-Loic-Navarro-3-18x10.webp 18w\" sizes=\"(max-width: 1920px) 100vw, 1920px\" title=\"\">\t\t\t\t\t\t\t\t\t\t\t\t\t\t\t<\/div>\n\t\t\t\t<\/div>\n\t\t\t\t<div class=\"elementor-element elementor-element-42fc171 elementor-widget elementor-widget-image\" data-id=\"42fc171\" data-element_type=\"widget\" data-e-type=\"widget\" data-widget_type=\"image.default\">\n\t\t\t\t<div class=\"elementor-widget-container\">\n\t\t\t\t\t\t\t\t\t\t\t\t\t\t\t<img loading=\"lazy\" decoding=\"async\" width=\"1920\" height=\"1080\" src=\"https:\/\/loicnavarro.com\/media\/2025\/10\/BROOKS-Publicite-Ad-Videaste-Nice-Paris-Monaco-Loic-Navarro-2.webp\" class=\"attachment-medium size-medium wp-image-13884\" alt=\"BROOKS Publicit\u00e9 Ad - Vid\u00e9aste Nice, Paris, Monaco - Lo\u00efc Navarro (2)\" srcset=\"https:\/\/loicnavarro.com\/media\/2025\/10\/BROOKS-Publicite-Ad-Videaste-Nice-Paris-Monaco-Loic-Navarro-2.webp 1920w, https:\/\/loicnavarro.com\/media\/2025\/10\/BROOKS-Publicite-Ad-Videaste-Nice-Paris-Monaco-Loic-Navarro-2-768x432.webp 768w, https:\/\/loicnavarro.com\/media\/2025\/10\/BROOKS-Publicite-Ad-Videaste-Nice-Paris-Monaco-Loic-Navarro-2-1536x864.webp 1536w, https:\/\/loicnavarro.com\/media\/2025\/10\/BROOKS-Publicite-Ad-Videaste-Nice-Paris-Monaco-Loic-Navarro-2-18x10.webp 18w\" sizes=\"(max-width: 1920px) 100vw, 1920px\" title=\"\">\t\t\t\t\t\t\t\t\t\t\t\t\t\t\t<\/div>\n\t\t\t\t<\/div>\n\t\t\t\t<div class=\"elementor-element elementor-element-28ec764 elementor-widget elementor-widget-image\" data-id=\"28ec764\" data-element_type=\"widget\" data-e-type=\"widget\" data-widget_type=\"image.default\">\n\t\t\t\t<div class=\"elementor-widget-container\">\n\t\t\t\t\t\t\t\t\t\t\t\t\t\t\t<img loading=\"lazy\" decoding=\"async\" width=\"1920\" height=\"1080\" src=\"https:\/\/loicnavarro.com\/media\/2025\/10\/BROOKS-Publicite-Ad-Videaste-Nice-Paris-Monaco-Loic-Navarro-1.webp\" class=\"attachment-medium size-medium wp-image-13883\" alt=\"BROOKS Publicit\u00e9 Ad - Vid\u00e9aste Nice, Paris, Monaco - Lo\u00efc Navarro (1)\" srcset=\"https:\/\/loicnavarro.com\/media\/2025\/10\/BROOKS-Publicite-Ad-Videaste-Nice-Paris-Monaco-Loic-Navarro-1.webp 1920w, https:\/\/loicnavarro.com\/media\/2025\/10\/BROOKS-Publicite-Ad-Videaste-Nice-Paris-Monaco-Loic-Navarro-1-768x432.webp 768w, https:\/\/loicnavarro.com\/media\/2025\/10\/BROOKS-Publicite-Ad-Videaste-Nice-Paris-Monaco-Loic-Navarro-1-1536x864.webp 1536w, https:\/\/loicnavarro.com\/media\/2025\/10\/BROOKS-Publicite-Ad-Videaste-Nice-Paris-Monaco-Loic-Navarro-1-18x10.webp 18w\" sizes=\"(max-width: 1920px) 100vw, 1920px\" title=\"\">\t\t\t\t\t\t\t\t\t\t\t\t\t\t\t<\/div>\n\t\t\t\t<\/div>\n\t\t\t\t<div class=\"elementor-element elementor-element-72beb2c elementor-widget elementor-widget-image\" data-id=\"72beb2c\" data-element_type=\"widget\" data-e-type=\"widget\" data-widget_type=\"image.default\">\n\t\t\t\t<div class=\"elementor-widget-container\">\n\t\t\t\t\t\t\t\t\t\t\t\t\t\t\t<img loading=\"lazy\" decoding=\"async\" width=\"1920\" height=\"1080\" src=\"https:\/\/loicnavarro.com\/media\/2025\/10\/BROOKS-Publicite-Ad-Videaste-Nice-Paris-Monaco-Loic-Navarro-10.webp\" class=\"attachment-medium size-medium wp-image-14055\" alt=\"BROOKS Publicit\u00e9 Ad - Vid\u00e9aste Nice, Paris, Monaco - Lo\u00efc Navarro (10)\" srcset=\"https:\/\/loicnavarro.com\/media\/2025\/10\/BROOKS-Publicite-Ad-Videaste-Nice-Paris-Monaco-Loic-Navarro-10.webp 1920w, https:\/\/loicnavarro.com\/media\/2025\/10\/BROOKS-Publicite-Ad-Videaste-Nice-Paris-Monaco-Loic-Navarro-10-768x432.webp 768w, https:\/\/loicnavarro.com\/media\/2025\/10\/BROOKS-Publicite-Ad-Videaste-Nice-Paris-Monaco-Loic-Navarro-10-1536x864.webp 1536w, https:\/\/loicnavarro.com\/media\/2025\/10\/BROOKS-Publicite-Ad-Videaste-Nice-Paris-Monaco-Loic-Navarro-10-18x10.webp 18w\" sizes=\"(max-width: 1920px) 100vw, 1920px\" title=\"\">\t\t\t\t\t\t\t\t\t\t\t\t\t\t\t<\/div>\n\t\t\t\t<\/div>\n\t\t\t\t<\/div>\n\t\t\t\t<div class=\"elementor-element elementor-element-4913e5f elementor-widget-divider--view-line elementor-widget elementor-widget-divider\" data-id=\"4913e5f\" data-element_type=\"widget\" data-e-type=\"widget\" data-widget_type=\"divider.default\">\n\t\t\t\t<div class=\"elementor-widget-container\">\n\t\t\t\t\t\t\t<div class=\"elementor-divider\">\n\t\t\t<span class=\"elementor-divider-separator\">\n\t\t\t\t\t\t<\/span>\n\t\t<\/div>\n\t\t\t\t\t\t<\/div>\n\t\t\t\t<\/div>\n\t\t\t\t<\/div>\n\t\t\t\t\t<\/div>\n\t\t\t\t<\/div>\n\t\t\t\t<\/div>","protected":false},"excerpt":{"rendered":"<p>BROOKS &#8211; Run With Divide 6 (Spec Work) R\u00e9alisateur, chef op\u00e9rateur : Lo\u00efc NavarroMontage : Lo\u00efc NavarroTalent : EmmaVoix Off : Eva<\/p>","protected":false},"author":1,"featured_media":0,"parent":0,"menu_order":0,"comment_status":"closed","ping_status":"closed","template":"","meta":{"site-sidebar-layout":"no-sidebar","site-content-layout":"page-builder","ast-site-content-layout":"full-width-container","site-content-style":"default","site-sidebar-style":"default","ast-global-header-display":"","ast-banner-title-visibility":"","ast-main-header-display":"","ast-hfb-above-header-display":"","ast-hfb-below-header-display":"","ast-hfb-mobile-header-display":"","site-post-title":"disabled","ast-breadcrumbs-content":"","ast-featured-img":"disabled","footer-sml-layout":"","ast-disable-related-posts":"","theme-transparent-header-meta":"","adv-header-id-meta":"","stick-header-meta":"","header-above-stick-meta":"","header-main-stick-meta":"","header-below-stick-meta":"","astra-migrate-meta-layouts":"set","ast-page-background-enabled":"default","ast-page-background-meta":{"desktop":{"background-color":"var(--ast-global-color-4)","background-image":"","background-repeat":"repeat","background-position":"center center","background-size":"auto","background-attachment":"scroll","background-type":"","background-media":"","overlay-type":"","overlay-color":"","overlay-opacity":"","overlay-gradient":""},"tablet":{"background-color":"","background-image":"","background-repeat":"repeat","background-position":"center center","background-size":"auto","background-attachment":"scroll","background-type":"","background-media":"","overlay-type":"","overlay-color":"","overlay-opacity":"","overlay-gradient":""},"mobile":{"background-color":"","background-image":"","background-repeat":"repeat","background-position":"center center","background-size":"auto","background-attachment":"scroll","background-type":"","background-media":"","overlay-type":"","overlay-color":"","overlay-opacity":"","overlay-gradient":""}},"ast-content-background-meta":{"desktop":{"background-color":"var(--ast-global-color-5)","background-image":"","background-repeat":"repeat","background-position":"center center","background-size":"auto","background-attachment":"scroll","background-type":"","background-media":"","overlay-type":"","overlay-color":"","overlay-opacity":"","overlay-gradient":""},"tablet":{"background-color":"var(--ast-global-color-5)","background-image":"","background-repeat":"repeat","background-position":"center center","background-size":"auto","background-attachment":"scroll","background-type":"","background-media":"","overlay-type":"","overlay-color":"","overlay-opacity":"","overlay-gradient":""},"mobile":{"background-color":"var(--ast-global-color-5)","background-image":"","background-repeat":"repeat","background-position":"center center","background-size":"auto","background-attachment":"scroll","background-type":"","background-media":"","overlay-type":"","overlay-color":"","overlay-opacity":"","overlay-gradient":""}},"footnotes":""},"class_list":["post-13817","page","type-page","status-publish","hentry"],"_links":{"self":[{"href":"https:\/\/loicnavarro.com\/en\/wp-json\/wp\/v2\/pages\/13817","targetHints":{"allow":["GET"]}}],"collection":[{"href":"https:\/\/loicnavarro.com\/en\/wp-json\/wp\/v2\/pages"}],"about":[{"href":"https:\/\/loicnavarro.com\/en\/wp-json\/wp\/v2\/types\/page"}],"author":[{"embeddable":true,"href":"https:\/\/loicnavarro.com\/en\/wp-json\/wp\/v2\/users\/1"}],"replies":[{"embeddable":true,"href":"https:\/\/loicnavarro.com\/en\/wp-json\/wp\/v2\/comments?post=13817"}],"version-history":[{"count":164,"href":"https:\/\/loicnavarro.com\/en\/wp-json\/wp\/v2\/pages\/13817\/revisions"}],"predecessor-version":[{"id":14223,"href":"https:\/\/loicnavarro.com\/en\/wp-json\/wp\/v2\/pages\/13817\/revisions\/14223"}],"wp:attachment":[{"href":"https:\/\/loicnavarro.com\/en\/wp-json\/wp\/v2\/media?parent=13817"}],"curies":[{"name":"wp","href":"https:\/\/api.w.org\/{rel}","templated":true}]}}