{"id":14126,"date":"2026-04-09T18:44:14","date_gmt":"2026-04-09T17:44:14","guid":{"rendered":"https:\/\/loicnavarro.com\/?page_id=14126"},"modified":"2026-04-09T20:24:05","modified_gmt":"2026-04-09T19:24:05","slug":"marathon-shanghai","status":"publish","type":"page","link":"https:\/\/loicnavarro.com\/en\/marathon-shanghai\/","title":{"rendered":"MARATHON SHANGHAI"},"content":{"rendered":"<div data-elementor-type=\"wp-page\" data-elementor-id=\"14126\" class=\"elementor elementor-14126\">\n\t\t\t\t<div class=\"elementor-element elementor-element-3b6a17c e-flex e-con-boxed e-con e-parent\" data-id=\"3b6a17c\" data-element_type=\"container\" data-e-type=\"container\" data-settings=\"{&quot;background_background&quot;:&quot;classic&quot;}\">\n\t\t\t\t\t<div class=\"e-con-inner\">\n\t\t<div class=\"elementor-element elementor-element-667f27b e-con-full e-flex e-con e-child\" data-id=\"667f27b\" data-element_type=\"container\" data-e-type=\"container\">\n\t\t\t\t<div class=\"elementor-element elementor-element-f82b69a elementor-widget elementor-widget-heading\" data-id=\"f82b69a\" data-element_type=\"widget\" data-e-type=\"widget\" data-widget_type=\"heading.default\">\n\t\t\t\t<div class=\"elementor-widget-container\">\n\t\t\t\t\t<h2 class=\"elementor-heading-title elementor-size-default\"><b>VOYAGE MARATHON<\/b> - SHANGHAI<\/h2>\t\t\t\t<\/div>\n\t\t\t\t<\/div>\n\t\t\t\t<div class=\"elementor-element elementor-element-a76c51e elementor-widget-divider--view-line elementor-widget elementor-widget-divider\" data-id=\"a76c51e\" data-element_type=\"widget\" data-e-type=\"widget\" data-widget_type=\"divider.default\">\n\t\t\t\t<div class=\"elementor-widget-container\">\n\t\t\t\t\t\t\t<div class=\"elementor-divider\">\n\t\t\t<span class=\"elementor-divider-separator\">\n\t\t\t\t\t\t<\/span>\n\t\t<\/div>\n\t\t\t\t\t\t<\/div>\n\t\t\t\t<\/div>\n\t\t<div class=\"elementor-element elementor-element-cf30e65 e-con-full e-flex e-con e-child\" data-id=\"cf30e65\" data-element_type=\"container\" data-e-type=\"container\">\n\t\t\t\t<div class=\"elementor-element elementor-element-33ac29f elementor-widget elementor-widget-video\" data-id=\"33ac29f\" data-element_type=\"widget\" data-e-type=\"widget\" data-settings=\"{&quot;video_type&quot;:&quot;vimeo&quot;,&quot;yt_privacy&quot;:&quot;yes&quot;}\" data-widget_type=\"video.default\">\n\t\t\t\t<div class=\"elementor-widget-container\">\n\t\t\t\t\t\t\t<div class=\"elementor-wrapper elementor-open-inline\">\n\t\t\t<iframe class=\"elementor-video-iframe\" allowfullscreen allow=\"clipboard-write\" title=\"Lecteur vid\u00e9o vimeo\" src=\"https:\/\/player.vimeo.com\/video\/1180548145?color&amp;autopause=0&amp;dnt=true&amp;loop=0&amp;muted=0&amp;title=0&amp;portrait=0&amp;byline=0#t=\"><\/iframe>\t\t<\/div>\n\t\t\t\t\t\t<\/div>\n\t\t\t\t<\/div>\n\t\t\t\t<\/div>\n\t\t\t\t<div class=\"elementor-element elementor-element-8b1c5ee elementor-widget elementor-widget-text-editor\" data-id=\"8b1c5ee\" data-element_type=\"widget\" data-e-type=\"widget\" data-widget_type=\"text-editor.default\">\n\t\t\t\t<div class=\"elementor-widget-container\">\n\t\t\t\t\t\t\t\t\t<p><strong>R\u00e9alisateur, chef op\u00e9rateur :<\/strong> Lo\u00efc Navarro<br \/><strong>Montage :<\/strong> Lo\u00efc Navarro<\/p><p><strong>Client :<\/strong> Voyage Marathon<\/p>\t\t\t\t\t\t\t\t<\/div>\n\t\t\t\t<\/div>\n\t\t\t\t<\/div>\n\t\t<div class=\"elementor-element elementor-element-7b2663e e-con-full e-flex e-con e-child\" data-id=\"7b2663e\" data-element_type=\"container\" data-e-type=\"container\">\n\t\t\t\t<div class=\"elementor-element elementor-element-30b79b9 elementor-widget-divider--view-line elementor-widget elementor-widget-divider\" data-id=\"30b79b9\" data-element_type=\"widget\" data-e-type=\"widget\" data-widget_type=\"divider.default\">\n\t\t\t\t<div class=\"elementor-widget-container\">\n\t\t\t\t\t\t\t<div class=\"elementor-divider\">\n\t\t\t<span class=\"elementor-divider-separator\">\n\t\t\t\t\t\t<\/span>\n\t\t<\/div>\n\t\t\t\t\t\t<\/div>\n\t\t\t\t<\/div>\n\t\t<div class=\"elementor-element elementor-element-6e4f4f6 e-grid e-con-full e-con e-child\" data-id=\"6e4f4f6\" data-element_type=\"container\" data-e-type=\"container\">\n\t\t\t\t<div class=\"elementor-element elementor-element-efde4ca elementor-widget elementor-widget-image\" data-id=\"efde4ca\" data-element_type=\"widget\" data-e-type=\"widget\" data-widget_type=\"image.default\">\n\t\t\t\t<div class=\"elementor-widget-container\">\n\t\t\t\t\t\t\t\t\t\t\t\t\t\t\t<img fetchpriority=\"high\" decoding=\"async\" width=\"1280\" height=\"720\" src=\"https:\/\/loicnavarro.com\/media\/2026\/04\/Marathon-Shanghai-Loic-Navarro-Videaste-Voyage-Travel-Filmmaker-Voyage-Marathon-1.webp\" class=\"attachment-medium size-medium wp-image-14149\" alt=\"Marathon Shanghai Loi\u0308c Navarro Vide\u0301aste Voyage Travel Filmmaker - Voyage Marathon 1\" srcset=\"https:\/\/loicnavarro.com\/media\/2026\/04\/Marathon-Shanghai-Loic-Navarro-Videaste-Voyage-Travel-Filmmaker-Voyage-Marathon-1.webp 1280w, https:\/\/loicnavarro.com\/media\/2026\/04\/Marathon-Shanghai-Loic-Navarro-Videaste-Voyage-Travel-Filmmaker-Voyage-Marathon-1-768x432.webp 768w, https:\/\/loicnavarro.com\/media\/2026\/04\/Marathon-Shanghai-Loic-Navarro-Videaste-Voyage-Travel-Filmmaker-Voyage-Marathon-1-18x10.webp 18w\" sizes=\"(max-width: 1280px) 100vw, 1280px\" title=\"\">\t\t\t\t\t\t\t\t\t\t\t\t\t\t\t<\/div>\n\t\t\t\t<\/div>\n\t\t\t\t<div class=\"elementor-element elementor-element-b791afc elementor-widget elementor-widget-image\" data-id=\"b791afc\" data-element_type=\"widget\" data-e-type=\"widget\" data-widget_type=\"image.default\">\n\t\t\t\t<div class=\"elementor-widget-container\">\n\t\t\t\t\t\t\t\t\t\t\t\t\t\t\t<img decoding=\"async\" width=\"1280\" height=\"720\" src=\"https:\/\/loicnavarro.com\/media\/2026\/04\/Marathon-Shanghai-Loic-Navarro-Videaste-Voyage-Travel-Filmmaker-Voyage-Marathon-10.webp\" class=\"attachment-medium size-medium wp-image-14156\" alt=\"Marathon Shanghai Loi\u0308c Navarro Vide\u0301aste Voyage Travel Filmmaker - Voyage Marathon 10\" srcset=\"https:\/\/loicnavarro.com\/media\/2026\/04\/Marathon-Shanghai-Loic-Navarro-Videaste-Voyage-Travel-Filmmaker-Voyage-Marathon-10.webp 1280w, https:\/\/loicnavarro.com\/media\/2026\/04\/Marathon-Shanghai-Loic-Navarro-Videaste-Voyage-Travel-Filmmaker-Voyage-Marathon-10-768x432.webp 768w, https:\/\/loicnavarro.com\/media\/2026\/04\/Marathon-Shanghai-Loic-Navarro-Videaste-Voyage-Travel-Filmmaker-Voyage-Marathon-10-18x10.webp 18w\" sizes=\"(max-width: 1280px) 100vw, 1280px\" title=\"\">\t\t\t\t\t\t\t\t\t\t\t\t\t\t\t<\/div>\n\t\t\t\t<\/div>\n\t\t\t\t<div class=\"elementor-element elementor-element-31a00c4 elementor-widget elementor-widget-image\" data-id=\"31a00c4\" data-element_type=\"widget\" data-e-type=\"widget\" data-widget_type=\"image.default\">\n\t\t\t\t<div class=\"elementor-widget-container\">\n\t\t\t\t\t\t\t\t\t\t\t\t\t\t\t<img decoding=\"async\" width=\"1280\" height=\"720\" src=\"https:\/\/loicnavarro.com\/media\/2026\/04\/Marathon-Shanghai-Loic-Navarro-Videaste-Voyage-Travel-Filmmaker-Voyage-Marathon-3.webp\" class=\"attachment-medium size-medium wp-image-14148\" alt=\"Marathon Shanghai Loi\u0308c Navarro Vide\u0301aste Voyage Travel Filmmaker - Voyage Marathon 3\" srcset=\"https:\/\/loicnavarro.com\/media\/2026\/04\/Marathon-Shanghai-Loic-Navarro-Videaste-Voyage-Travel-Filmmaker-Voyage-Marathon-3.webp 1280w, https:\/\/loicnavarro.com\/media\/2026\/04\/Marathon-Shanghai-Loic-Navarro-Videaste-Voyage-Travel-Filmmaker-Voyage-Marathon-3-768x432.webp 768w, https:\/\/loicnavarro.com\/media\/2026\/04\/Marathon-Shanghai-Loic-Navarro-Videaste-Voyage-Travel-Filmmaker-Voyage-Marathon-3-18x10.webp 18w\" sizes=\"(max-width: 1280px) 100vw, 1280px\" title=\"\">\t\t\t\t\t\t\t\t\t\t\t\t\t\t\t<\/div>\n\t\t\t\t<\/div>\n\t\t\t\t<div class=\"elementor-element elementor-element-51ce9e0 elementor-widget elementor-widget-image\" data-id=\"51ce9e0\" data-element_type=\"widget\" data-e-type=\"widget\" data-widget_type=\"image.default\">\n\t\t\t\t<div class=\"elementor-widget-container\">\n\t\t\t\t\t\t\t\t\t\t\t\t\t\t\t<img loading=\"lazy\" decoding=\"async\" width=\"1280\" height=\"720\" src=\"https:\/\/loicnavarro.com\/media\/2026\/04\/Marathon-Shanghai-Loic-Navarro-Videaste-Voyage-Travel-Filmmaker-Voyage-Marathon-4.webp\" class=\"attachment-medium size-medium wp-image-14147\" alt=\"Marathon Shanghai Loi\u0308c Navarro Vide\u0301aste Voyage Travel Filmmaker - Voyage Marathon 4\" srcset=\"https:\/\/loicnavarro.com\/media\/2026\/04\/Marathon-Shanghai-Loic-Navarro-Videaste-Voyage-Travel-Filmmaker-Voyage-Marathon-4.webp 1280w, https:\/\/loicnavarro.com\/media\/2026\/04\/Marathon-Shanghai-Loic-Navarro-Videaste-Voyage-Travel-Filmmaker-Voyage-Marathon-4-768x432.webp 768w, https:\/\/loicnavarro.com\/media\/2026\/04\/Marathon-Shanghai-Loic-Navarro-Videaste-Voyage-Travel-Filmmaker-Voyage-Marathon-4-18x10.webp 18w\" sizes=\"(max-width: 1280px) 100vw, 1280px\" title=\"\">\t\t\t\t\t\t\t\t\t\t\t\t\t\t\t<\/div>\n\t\t\t\t<\/div>\n\t\t\t\t<div class=\"elementor-element elementor-element-40f4307 elementor-widget elementor-widget-image\" data-id=\"40f4307\" data-element_type=\"widget\" data-e-type=\"widget\" data-widget_type=\"image.default\">\n\t\t\t\t<div class=\"elementor-widget-container\">\n\t\t\t\t\t\t\t\t\t\t\t\t\t\t\t<img loading=\"lazy\" decoding=\"async\" width=\"1280\" height=\"720\" src=\"https:\/\/loicnavarro.com\/media\/2026\/04\/Marathon-Shanghai-Loic-Navarro-Videaste-Voyage-Travel-Filmmaker-Voyage-Marathon-5.webp\" class=\"attachment-medium size-medium wp-image-14146\" alt=\"Marathon Shanghai Loi\u0308c Navarro Vide\u0301aste Voyage Travel Filmmaker - Voyage Marathon 5\" srcset=\"https:\/\/loicnavarro.com\/media\/2026\/04\/Marathon-Shanghai-Loic-Navarro-Videaste-Voyage-Travel-Filmmaker-Voyage-Marathon-5.webp 1280w, https:\/\/loicnavarro.com\/media\/2026\/04\/Marathon-Shanghai-Loic-Navarro-Videaste-Voyage-Travel-Filmmaker-Voyage-Marathon-5-768x432.webp 768w, https:\/\/loicnavarro.com\/media\/2026\/04\/Marathon-Shanghai-Loic-Navarro-Videaste-Voyage-Travel-Filmmaker-Voyage-Marathon-5-18x10.webp 18w\" sizes=\"(max-width: 1280px) 100vw, 1280px\" title=\"\">\t\t\t\t\t\t\t\t\t\t\t\t\t\t\t<\/div>\n\t\t\t\t<\/div>\n\t\t\t\t<div class=\"elementor-element elementor-element-cbdef4b elementor-widget elementor-widget-image\" data-id=\"cbdef4b\" data-element_type=\"widget\" data-e-type=\"widget\" data-widget_type=\"image.default\">\n\t\t\t\t<div class=\"elementor-widget-container\">\n\t\t\t\t\t\t\t\t\t\t\t\t\t\t\t<img loading=\"lazy\" decoding=\"async\" width=\"1280\" height=\"720\" src=\"https:\/\/loicnavarro.com\/media\/2026\/04\/Marathon-Shanghai-Loic-Navarro-Videaste-Voyage-Travel-Filmmaker-Voyage-Marathon-6.webp\" class=\"attachment-medium size-medium wp-image-14145\" alt=\"Marathon Shanghai Loi\u0308c Navarro Vide\u0301aste Voyage Travel Filmmaker - Voyage Marathon 6\" srcset=\"https:\/\/loicnavarro.com\/media\/2026\/04\/Marathon-Shanghai-Loic-Navarro-Videaste-Voyage-Travel-Filmmaker-Voyage-Marathon-6.webp 1280w, https:\/\/loicnavarro.com\/media\/2026\/04\/Marathon-Shanghai-Loic-Navarro-Videaste-Voyage-Travel-Filmmaker-Voyage-Marathon-6-768x432.webp 768w, https:\/\/loicnavarro.com\/media\/2026\/04\/Marathon-Shanghai-Loic-Navarro-Videaste-Voyage-Travel-Filmmaker-Voyage-Marathon-6-18x10.webp 18w\" sizes=\"(max-width: 1280px) 100vw, 1280px\" title=\"\">\t\t\t\t\t\t\t\t\t\t\t\t\t\t\t<\/div>\n\t\t\t\t<\/div>\n\t\t\t\t<div class=\"elementor-element elementor-element-596a8ef elementor-widget elementor-widget-image\" data-id=\"596a8ef\" data-element_type=\"widget\" data-e-type=\"widget\" data-widget_type=\"image.default\">\n\t\t\t\t<div class=\"elementor-widget-container\">\n\t\t\t\t\t\t\t\t\t\t\t\t\t\t\t<img loading=\"lazy\" decoding=\"async\" width=\"1280\" height=\"720\" src=\"https:\/\/loicnavarro.com\/media\/2026\/04\/Marathon-Shanghai-Loic-Navarro-Videaste-Voyage-Travel-Filmmaker-Voyage-Marathon-7.webp\" class=\"attachment-medium size-medium wp-image-14144\" alt=\"Marathon Shanghai Loi\u0308c Navarro Vide\u0301aste Voyage Travel Filmmaker - Voyage Marathon 7\" srcset=\"https:\/\/loicnavarro.com\/media\/2026\/04\/Marathon-Shanghai-Loic-Navarro-Videaste-Voyage-Travel-Filmmaker-Voyage-Marathon-7.webp 1280w, https:\/\/loicnavarro.com\/media\/2026\/04\/Marathon-Shanghai-Loic-Navarro-Videaste-Voyage-Travel-Filmmaker-Voyage-Marathon-7-768x432.webp 768w, https:\/\/loicnavarro.com\/media\/2026\/04\/Marathon-Shanghai-Loic-Navarro-Videaste-Voyage-Travel-Filmmaker-Voyage-Marathon-7-18x10.webp 18w\" sizes=\"(max-width: 1280px) 100vw, 1280px\" title=\"\">\t\t\t\t\t\t\t\t\t\t\t\t\t\t\t<\/div>\n\t\t\t\t<\/div>\n\t\t\t\t<div class=\"elementor-element elementor-element-7b8633e elementor-widget elementor-widget-image\" data-id=\"7b8633e\" data-element_type=\"widget\" data-e-type=\"widget\" data-widget_type=\"image.default\">\n\t\t\t\t<div class=\"elementor-widget-container\">\n\t\t\t\t\t\t\t\t\t\t\t\t\t\t\t<img loading=\"lazy\" decoding=\"async\" width=\"1280\" height=\"720\" src=\"https:\/\/loicnavarro.com\/media\/2026\/04\/Marathon-Shanghai-Loic-Navarro-Videaste-Voyage-Travel-Filmmaker-Voyage-Marathon-8.webp\" class=\"attachment-medium size-medium wp-image-14143\" alt=\"Marathon Shanghai Loi\u0308c Navarro Vide\u0301aste Voyage Travel Filmmaker - Voyage Marathon 8\" srcset=\"https:\/\/loicnavarro.com\/media\/2026\/04\/Marathon-Shanghai-Loic-Navarro-Videaste-Voyage-Travel-Filmmaker-Voyage-Marathon-8.webp 1280w, https:\/\/loicnavarro.com\/media\/2026\/04\/Marathon-Shanghai-Loic-Navarro-Videaste-Voyage-Travel-Filmmaker-Voyage-Marathon-8-768x432.webp 768w, https:\/\/loicnavarro.com\/media\/2026\/04\/Marathon-Shanghai-Loic-Navarro-Videaste-Voyage-Travel-Filmmaker-Voyage-Marathon-8-18x10.webp 18w\" sizes=\"(max-width: 1280px) 100vw, 1280px\" title=\"\">\t\t\t\t\t\t\t\t\t\t\t\t\t\t\t<\/div>\n\t\t\t\t<\/div>\n\t\t\t\t<div class=\"elementor-element elementor-element-c126333 elementor-widget elementor-widget-image\" data-id=\"c126333\" data-element_type=\"widget\" data-e-type=\"widget\" data-widget_type=\"image.default\">\n\t\t\t\t<div class=\"elementor-widget-container\">\n\t\t\t\t\t\t\t\t\t\t\t\t\t\t\t<img loading=\"lazy\" decoding=\"async\" width=\"1280\" height=\"720\" src=\"https:\/\/loicnavarro.com\/media\/2026\/04\/Marathon-Shanghai-Loic-Navarro-Videaste-Voyage-Travel-Filmmaker-Voyage-Marathon-9.webp\" class=\"attachment-medium size-medium wp-image-14142\" alt=\"Marathon Shanghai Loi\u0308c Navarro Vide\u0301aste Voyage Travel Filmmaker - Voyage Marathon 9\" srcset=\"https:\/\/loicnavarro.com\/media\/2026\/04\/Marathon-Shanghai-Loic-Navarro-Videaste-Voyage-Travel-Filmmaker-Voyage-Marathon-9.webp 1280w, https:\/\/loicnavarro.com\/media\/2026\/04\/Marathon-Shanghai-Loic-Navarro-Videaste-Voyage-Travel-Filmmaker-Voyage-Marathon-9-768x432.webp 768w, https:\/\/loicnavarro.com\/media\/2026\/04\/Marathon-Shanghai-Loic-Navarro-Videaste-Voyage-Travel-Filmmaker-Voyage-Marathon-9-18x10.webp 18w\" sizes=\"(max-width: 1280px) 100vw, 1280px\" title=\"\">\t\t\t\t\t\t\t\t\t\t\t\t\t\t\t<\/div>\n\t\t\t\t<\/div>\n\t\t\t\t<\/div>\n\t\t\t\t<div class=\"elementor-element elementor-element-0763f1b elementor-widget-divider--view-line elementor-widget elementor-widget-divider\" data-id=\"0763f1b\" data-element_type=\"widget\" data-e-type=\"widget\" data-widget_type=\"divider.default\">\n\t\t\t\t<div class=\"elementor-widget-container\">\n\t\t\t\t\t\t\t<div class=\"elementor-divider\">\n\t\t\t<span class=\"elementor-divider-separator\">\n\t\t\t\t\t\t<\/span>\n\t\t<\/div>\n\t\t\t\t\t\t<\/div>\n\t\t\t\t<\/div>\n\t\t\t\t<\/div>\n\t\t\t\t\t<\/div>\n\t\t\t\t<\/div>\n\t\t\t\t<\/div>","protected":false},"excerpt":{"rendered":"<p>VOYAGE MARATHON &#8211; SHANGHAI https:\/\/vimeo.com\/1180548145?share=copy&#038;fl=sv&#038;fe=ci R\u00e9alisateur, chef op\u00e9rateur : Lo\u00efc NavarroMontage : Lo\u00efc Navarro Client : Voyage Marathon<\/p>","protected":false},"author":1,"featured_media":0,"parent":0,"menu_order":0,"comment_status":"closed","ping_status":"closed","template":"","meta":{"site-sidebar-layout":"no-sidebar","site-content-layout":"page-builder","ast-site-content-layout":"full-width-container","site-content-style":"default","site-sidebar-style":"default","ast-global-header-display":"","ast-banner-title-visibility":"","ast-main-header-display":"","ast-hfb-above-header-display":"","ast-hfb-below-header-display":"","ast-hfb-mobile-header-display":"","site-post-title":"disabled","ast-breadcrumbs-content":"","ast-featured-img":"disabled","footer-sml-layout":"","ast-disable-related-posts":"","theme-transparent-header-meta":"","adv-header-id-meta":"","stick-header-meta":"","header-above-stick-meta":"","header-main-stick-meta":"","header-below-stick-meta":"","astra-migrate-meta-layouts":"set","ast-page-background-enabled":"default","ast-page-background-meta":{"desktop":{"background-color":"var(--ast-global-color-4)","background-image":"","background-repeat":"repeat","background-position":"center center","background-size":"auto","background-attachment":"scroll","background-type":"","background-media":"","overlay-type":"","overlay-color":"","overlay-opacity":"","overlay-gradient":""},"tablet":{"background-color":"","background-image":"","background-repeat":"repeat","background-position":"center center","background-size":"auto","background-attachment":"scroll","background-type":"","background-media":"","overlay-type":"","overlay-color":"","overlay-opacity":"","overlay-gradient":""},"mobile":{"background-color":"","background-image":"","background-repeat":"repeat","background-position":"center center","background-size":"auto","background-attachment":"scroll","background-type":"","background-media":"","overlay-type":"","overlay-color":"","overlay-opacity":"","overlay-gradient":""}},"ast-content-background-meta":{"desktop":{"background-color":"var(--ast-global-color-5)","background-image":"","background-repeat":"repeat","background-position":"center center","background-size":"auto","background-attachment":"scroll","background-type":"","background-media":"","overlay-type":"","overlay-color":"","overlay-opacity":"","overlay-gradient":""},"tablet":{"background-color":"var(--ast-global-color-5)","background-image":"","background-repeat":"repeat","background-position":"center center","background-size":"auto","background-attachment":"scroll","background-type":"","background-media":"","overlay-type":"","overlay-color":"","overlay-opacity":"","overlay-gradient":""},"mobile":{"background-color":"var(--ast-global-color-5)","background-image":"","background-repeat":"repeat","background-position":"center center","background-size":"auto","background-attachment":"scroll","background-type":"","background-media":"","overlay-type":"","overlay-color":"","overlay-opacity":"","overlay-gradient":""}},"footnotes":""},"class_list":["post-14126","page","type-page","status-publish","hentry"],"_links":{"self":[{"href":"https:\/\/loicnavarro.com\/en\/wp-json\/wp\/v2\/pages\/14126","targetHints":{"allow":["GET"]}}],"collection":[{"href":"https:\/\/loicnavarro.com\/en\/wp-json\/wp\/v2\/pages"}],"about":[{"href":"https:\/\/loicnavarro.com\/en\/wp-json\/wp\/v2\/types\/page"}],"author":[{"embeddable":true,"href":"https:\/\/loicnavarro.com\/en\/wp-json\/wp\/v2\/users\/1"}],"replies":[{"embeddable":true,"href":"https:\/\/loicnavarro.com\/en\/wp-json\/wp\/v2\/comments?post=14126"}],"version-history":[{"count":50,"href":"https:\/\/loicnavarro.com\/en\/wp-json\/wp\/v2\/pages\/14126\/revisions"}],"predecessor-version":[{"id":14195,"href":"https:\/\/loicnavarro.com\/en\/wp-json\/wp\/v2\/pages\/14126\/revisions\/14195"}],"wp:attachment":[{"href":"https:\/\/loicnavarro.com\/en\/wp-json\/wp\/v2\/media?parent=14126"}],"curies":[{"name":"wp","href":"https:\/\/api.w.org\/{rel}","templated":true}]}}