{"id":6762,"date":"2024-05-19T16:12:41","date_gmt":"2024-05-19T15:12:41","guid":{"rendered":"https:\/\/loicnavarro.com\/?page_id=6762"},"modified":"2026-04-10T19:26:25","modified_gmt":"2026-04-10T18:26:25","slug":"video-uturunku-travel","status":"publish","type":"page","link":"https:\/\/loicnavarro.com\/en\/video-uturunku-travel\/","title":{"rendered":"UTURUNKU TRAVEL"},"content":{"rendered":"<div data-elementor-type=\"wp-page\" data-elementor-id=\"6762\" class=\"elementor elementor-6762\">\n\t\t\t\t<div class=\"elementor-element elementor-element-405df7a e-flex e-con-boxed e-con e-parent\" data-id=\"405df7a\" data-element_type=\"container\" data-e-type=\"container\" data-settings=\"{&quot;background_background&quot;:&quot;classic&quot;}\">\n\t\t\t\t\t<div class=\"e-con-inner\">\n\t\t<div class=\"elementor-element elementor-element-db32f70 e-con-full e-flex e-con e-child\" data-id=\"db32f70\" data-element_type=\"container\" data-e-type=\"container\">\n\t\t\t\t<div class=\"elementor-element elementor-element-0c46c8e elementor-widget elementor-widget-heading\" data-id=\"0c46c8e\" data-element_type=\"widget\" data-e-type=\"widget\" data-widget_type=\"heading.default\">\n\t\t\t\t<div class=\"elementor-widget-container\">\n\t\t\t\t\t<h2 class=\"elementor-heading-title elementor-size-default\"><b>UTURUNKU TRAVEL<\/b> - D\u00e9sert Bolivien<\/h2>\t\t\t\t<\/div>\n\t\t\t\t<\/div>\n\t\t\t\t<div class=\"elementor-element elementor-element-dad3a8e elementor-widget-divider--view-line elementor-widget elementor-widget-divider\" data-id=\"dad3a8e\" data-element_type=\"widget\" data-e-type=\"widget\" data-widget_type=\"divider.default\">\n\t\t\t\t<div class=\"elementor-widget-container\">\n\t\t\t\t\t\t\t<div class=\"elementor-divider\">\n\t\t\t<span class=\"elementor-divider-separator\">\n\t\t\t\t\t\t<\/span>\n\t\t<\/div>\n\t\t\t\t\t\t<\/div>\n\t\t\t\t<\/div>\n\t\t<div class=\"elementor-element elementor-element-829f6c8 e-con-full e-flex e-con e-child\" data-id=\"829f6c8\" data-element_type=\"container\" data-e-type=\"container\">\n\t\t\t\t<div class=\"elementor-element elementor-element-499c858 elementor-widget elementor-widget-video\" data-id=\"499c858\" data-element_type=\"widget\" data-e-type=\"widget\" data-settings=\"{&quot;video_type&quot;:&quot;vimeo&quot;,&quot;yt_privacy&quot;:&quot;yes&quot;}\" data-widget_type=\"video.default\">\n\t\t\t\t<div class=\"elementor-widget-container\">\n\t\t\t\t\t\t\t<div class=\"elementor-wrapper elementor-open-inline\">\n\t\t\t<iframe class=\"elementor-video-iframe\" allowfullscreen allow=\"clipboard-write\" title=\"Lecteur vid\u00e9o vimeo\" src=\"https:\/\/player.vimeo.com\/video\/1015198650?color&amp;autopause=0&amp;dnt=true&amp;loop=0&amp;muted=0&amp;title=0&amp;portrait=0&amp;byline=0#t=\"><\/iframe>\t\t<\/div>\n\t\t\t\t\t\t<\/div>\n\t\t\t\t<\/div>\n\t\t\t\t<\/div>\n\t\t\t\t<div class=\"elementor-element elementor-element-76ccbb1 elementor-widget elementor-widget-text-editor\" data-id=\"76ccbb1\" data-element_type=\"widget\" data-e-type=\"widget\" data-widget_type=\"text-editor.default\">\n\t\t\t\t<div class=\"elementor-widget-container\">\n\t\t\t\t\t\t\t\t\t<p><strong>R\u00e9alisateur, chef op\u00e9rateur : <\/strong>Lo\u00efc Navarro<\/p><p><strong>Monteur :<\/strong> Lo\u00efc Navarro<\/p><p><strong>Client :<\/strong> Uturunku Travel<\/p>\t\t\t\t\t\t\t\t<\/div>\n\t\t\t\t<\/div>\n\t\t\t\t<\/div>\n\t\t<div class=\"elementor-element elementor-element-a3d9cfa e-con-full e-flex e-con e-child\" data-id=\"a3d9cfa\" data-element_type=\"container\" data-e-type=\"container\">\n\t\t\t\t<div class=\"elementor-element elementor-element-8653232 elementor-widget-divider--view-line elementor-widget elementor-widget-divider\" data-id=\"8653232\" data-element_type=\"widget\" data-e-type=\"widget\" data-widget_type=\"divider.default\">\n\t\t\t\t<div class=\"elementor-widget-container\">\n\t\t\t\t\t\t\t<div class=\"elementor-divider\">\n\t\t\t<span class=\"elementor-divider-separator\">\n\t\t\t\t\t\t<\/span>\n\t\t<\/div>\n\t\t\t\t\t\t<\/div>\n\t\t\t\t<\/div>\n\t\t<div class=\"elementor-element elementor-element-e3522aa e-grid e-con-full e-con e-child\" data-id=\"e3522aa\" data-element_type=\"container\" data-e-type=\"container\">\n\t\t\t\t<div class=\"elementor-element elementor-element-6dfc891 elementor-widget elementor-widget-image\" data-id=\"6dfc891\" data-element_type=\"widget\" data-e-type=\"widget\" data-widget_type=\"image.default\">\n\t\t\t\t<div class=\"elementor-widget-container\">\n\t\t\t\t\t\t\t\t\t\t\t\t\t\t\t<img fetchpriority=\"high\" decoding=\"async\" width=\"1280\" height=\"720\" src=\"https:\/\/loicnavarro.com\/media\/2024\/05\/Loic-Navarro-Videaste-Monaco-Videaste-Nice-Uturunku-Travel-8.webp\" class=\"attachment-medium size-medium wp-image-7083\" alt=\"Loic Navarro - Videaste Monaco &amp; Videaste Nice - Uturunku Travel 8\" srcset=\"https:\/\/loicnavarro.com\/media\/2024\/05\/Loic-Navarro-Videaste-Monaco-Videaste-Nice-Uturunku-Travel-8.webp 1280w, https:\/\/loicnavarro.com\/media\/2024\/05\/Loic-Navarro-Videaste-Monaco-Videaste-Nice-Uturunku-Travel-8-768x432.webp 768w\" sizes=\"(max-width: 1280px) 100vw, 1280px\" title=\"\">\t\t\t\t\t\t\t\t\t\t\t\t\t\t\t<\/div>\n\t\t\t\t<\/div>\n\t\t\t\t<div class=\"elementor-element elementor-element-315fca1 elementor-widget elementor-widget-image\" data-id=\"315fca1\" data-element_type=\"widget\" data-e-type=\"widget\" data-widget_type=\"image.default\">\n\t\t\t\t<div class=\"elementor-widget-container\">\n\t\t\t\t\t\t\t\t\t\t\t\t\t\t\t<img decoding=\"async\" width=\"1280\" height=\"720\" src=\"https:\/\/loicnavarro.com\/media\/2024\/05\/Loic-Navarro-Videaste-Monaco-Videaste-Nice-Uturunku-Travel-7.webp\" class=\"attachment-medium size-medium wp-image-7082\" alt=\"Loic Navarro - Videaste Monaco &amp; Videaste Nice - Uturunku Travel 7\" srcset=\"https:\/\/loicnavarro.com\/media\/2024\/05\/Loic-Navarro-Videaste-Monaco-Videaste-Nice-Uturunku-Travel-7.webp 1280w, https:\/\/loicnavarro.com\/media\/2024\/05\/Loic-Navarro-Videaste-Monaco-Videaste-Nice-Uturunku-Travel-7-768x432.webp 768w\" sizes=\"(max-width: 1280px) 100vw, 1280px\" title=\"\">\t\t\t\t\t\t\t\t\t\t\t\t\t\t\t<\/div>\n\t\t\t\t<\/div>\n\t\t\t\t<div class=\"elementor-element elementor-element-fc996e5 elementor-widget elementor-widget-image\" data-id=\"fc996e5\" data-element_type=\"widget\" data-e-type=\"widget\" data-widget_type=\"image.default\">\n\t\t\t\t<div class=\"elementor-widget-container\">\n\t\t\t\t\t\t\t\t\t\t\t\t\t\t\t<img decoding=\"async\" width=\"1280\" height=\"720\" src=\"https:\/\/loicnavarro.com\/media\/2024\/05\/Loic-Navarro-Videaste-Monaco-Videaste-Nice-Uturunku-Travel-6.webp\" class=\"attachment-medium size-medium wp-image-7081\" alt=\"Loic Navarro - Videaste Monaco &amp; Videaste Nice - Uturunku Travel 6\" srcset=\"https:\/\/loicnavarro.com\/media\/2024\/05\/Loic-Navarro-Videaste-Monaco-Videaste-Nice-Uturunku-Travel-6.webp 1280w, https:\/\/loicnavarro.com\/media\/2024\/05\/Loic-Navarro-Videaste-Monaco-Videaste-Nice-Uturunku-Travel-6-768x432.webp 768w\" sizes=\"(max-width: 1280px) 100vw, 1280px\" title=\"\">\t\t\t\t\t\t\t\t\t\t\t\t\t\t\t<\/div>\n\t\t\t\t<\/div>\n\t\t\t\t<div class=\"elementor-element elementor-element-db7133e elementor-widget elementor-widget-image\" data-id=\"db7133e\" data-element_type=\"widget\" data-e-type=\"widget\" data-widget_type=\"image.default\">\n\t\t\t\t<div class=\"elementor-widget-container\">\n\t\t\t\t\t\t\t\t\t\t\t\t\t\t\t<img loading=\"lazy\" decoding=\"async\" width=\"1280\" height=\"720\" src=\"https:\/\/loicnavarro.com\/media\/2024\/05\/Loic-Navarro-Videaste-Monaco-Videaste-Nice-Uturunku-Travel-5.webp\" class=\"attachment-medium size-medium wp-image-7080\" alt=\"Loic Navarro - Videaste Monaco &amp; Videaste Nice - Uturunku Travel 5\" srcset=\"https:\/\/loicnavarro.com\/media\/2024\/05\/Loic-Navarro-Videaste-Monaco-Videaste-Nice-Uturunku-Travel-5.webp 1280w, https:\/\/loicnavarro.com\/media\/2024\/05\/Loic-Navarro-Videaste-Monaco-Videaste-Nice-Uturunku-Travel-5-768x432.webp 768w\" sizes=\"(max-width: 1280px) 100vw, 1280px\" title=\"\">\t\t\t\t\t\t\t\t\t\t\t\t\t\t\t<\/div>\n\t\t\t\t<\/div>\n\t\t\t\t<div class=\"elementor-element elementor-element-37a828c elementor-widget elementor-widget-image\" data-id=\"37a828c\" data-element_type=\"widget\" data-e-type=\"widget\" data-widget_type=\"image.default\">\n\t\t\t\t<div class=\"elementor-widget-container\">\n\t\t\t\t\t\t\t\t\t\t\t\t\t\t\t<img loading=\"lazy\" decoding=\"async\" width=\"1280\" height=\"720\" src=\"https:\/\/loicnavarro.com\/media\/2024\/05\/Loic-Navarro-Videaste-Monaco-Videaste-Nice-Uturunku-Travel-4.webp\" class=\"attachment-medium size-medium wp-image-7079\" alt=\"Loic Navarro - Videaste Monaco &amp; Videaste Nice - Uturunku Travel 4\" srcset=\"https:\/\/loicnavarro.com\/media\/2024\/05\/Loic-Navarro-Videaste-Monaco-Videaste-Nice-Uturunku-Travel-4.webp 1280w, https:\/\/loicnavarro.com\/media\/2024\/05\/Loic-Navarro-Videaste-Monaco-Videaste-Nice-Uturunku-Travel-4-768x432.webp 768w\" sizes=\"(max-width: 1280px) 100vw, 1280px\" title=\"\">\t\t\t\t\t\t\t\t\t\t\t\t\t\t\t<\/div>\n\t\t\t\t<\/div>\n\t\t\t\t<div class=\"elementor-element elementor-element-1172c1b elementor-widget elementor-widget-image\" data-id=\"1172c1b\" data-element_type=\"widget\" data-e-type=\"widget\" data-widget_type=\"image.default\">\n\t\t\t\t<div class=\"elementor-widget-container\">\n\t\t\t\t\t\t\t\t\t\t\t\t\t\t\t<img loading=\"lazy\" decoding=\"async\" width=\"1280\" height=\"720\" src=\"https:\/\/loicnavarro.com\/media\/2024\/05\/Loic-Navarro-Videaste-Monaco-Videaste-Nice-Uturunku-Travel-3.webp\" class=\"attachment-medium size-medium wp-image-7078\" alt=\"Loic Navarro - Videaste Monaco &amp; Videaste Nice - Uturunku Travel 3\" srcset=\"https:\/\/loicnavarro.com\/media\/2024\/05\/Loic-Navarro-Videaste-Monaco-Videaste-Nice-Uturunku-Travel-3.webp 1280w, https:\/\/loicnavarro.com\/media\/2024\/05\/Loic-Navarro-Videaste-Monaco-Videaste-Nice-Uturunku-Travel-3-768x432.webp 768w\" sizes=\"(max-width: 1280px) 100vw, 1280px\" title=\"\">\t\t\t\t\t\t\t\t\t\t\t\t\t\t\t<\/div>\n\t\t\t\t<\/div>\n\t\t\t\t<div class=\"elementor-element elementor-element-1537188 elementor-widget elementor-widget-image\" data-id=\"1537188\" data-element_type=\"widget\" data-e-type=\"widget\" data-widget_type=\"image.default\">\n\t\t\t\t<div class=\"elementor-widget-container\">\n\t\t\t\t\t\t\t\t\t\t\t\t\t\t\t<img loading=\"lazy\" decoding=\"async\" width=\"1280\" height=\"720\" src=\"https:\/\/loicnavarro.com\/media\/2024\/05\/Loic-Navarro-Videaste-Monaco-Videaste-Nice-Uturunku-Travel-1.webp\" class=\"attachment-medium size-medium wp-image-7076\" alt=\"Loic Navarro - Videaste Monaco &amp; Videaste Nice - Uturunku Travel 1\" srcset=\"https:\/\/loicnavarro.com\/media\/2024\/05\/Loic-Navarro-Videaste-Monaco-Videaste-Nice-Uturunku-Travel-1.webp 1280w, https:\/\/loicnavarro.com\/media\/2024\/05\/Loic-Navarro-Videaste-Monaco-Videaste-Nice-Uturunku-Travel-1-768x432.webp 768w\" sizes=\"(max-width: 1280px) 100vw, 1280px\" title=\"\">\t\t\t\t\t\t\t\t\t\t\t\t\t\t\t<\/div>\n\t\t\t\t<\/div>\n\t\t\t\t<\/div>\n\t\t\t\t<div class=\"elementor-element elementor-element-1654bf0 elementor-widget-divider--view-line elementor-widget elementor-widget-divider\" data-id=\"1654bf0\" data-element_type=\"widget\" data-e-type=\"widget\" data-widget_type=\"divider.default\">\n\t\t\t\t<div class=\"elementor-widget-container\">\n\t\t\t\t\t\t\t<div class=\"elementor-divider\">\n\t\t\t<span class=\"elementor-divider-separator\">\n\t\t\t\t\t\t<\/span>\n\t\t<\/div>\n\t\t\t\t\t\t<\/div>\n\t\t\t\t<\/div>\n\t\t\t\t<\/div>\n\t\t\t\t\t<\/div>\n\t\t\t\t<\/div>\n\t\t\t\t<\/div>","protected":false},"excerpt":{"rendered":"<p>UTURUNKU TRAVEL &#8211; D\u00e9sert Bolivien https:\/\/vimeo.com\/1015198650?share=copy R\u00e9alisateur, chef op\u00e9rateur : Lo\u00efc Navarro Monteur : Lo\u00efc Navarro Client : Uturunku Travel<\/p>","protected":false},"author":1,"featured_media":0,"parent":0,"menu_order":0,"comment_status":"closed","ping_status":"closed","template":"","meta":{"site-sidebar-layout":"no-sidebar","site-content-layout":"page-builder","ast-site-content-layout":"full-width-container","site-content-style":"default","site-sidebar-style":"default","ast-global-header-display":"","ast-banner-title-visibility":"","ast-main-header-display":"","ast-hfb-above-header-display":"","ast-hfb-below-header-display":"","ast-hfb-mobile-header-display":"","site-post-title":"disabled","ast-breadcrumbs-content":"","ast-featured-img":"disabled","footer-sml-layout":"","ast-disable-related-posts":"","theme-transparent-header-meta":"","adv-header-id-meta":"","stick-header-meta":"","header-above-stick-meta":"","header-main-stick-meta":"","header-below-stick-meta":"","astra-migrate-meta-layouts":"set","ast-page-background-enabled":"default","ast-page-background-meta":{"desktop":{"background-color":"var(--ast-global-color-4)","background-image":"","background-repeat":"repeat","background-position":"center center","background-size":"auto","background-attachment":"scroll","background-type":"","background-media":"","overlay-type":"","overlay-color":"","overlay-opacity":"","overlay-gradient":""},"tablet":{"background-color":"","background-image":"","background-repeat":"repeat","background-position":"center center","background-size":"auto","background-attachment":"scroll","background-type":"","background-media":"","overlay-type":"","overlay-color":"","overlay-opacity":"","overlay-gradient":""},"mobile":{"background-color":"","background-image":"","background-repeat":"repeat","background-position":"center center","background-size":"auto","background-attachment":"scroll","background-type":"","background-media":"","overlay-type":"","overlay-color":"","overlay-opacity":"","overlay-gradient":""}},"ast-content-background-meta":{"desktop":{"background-color":"var(--ast-global-color-5)","background-image":"","background-repeat":"repeat","background-position":"center center","background-size":"auto","background-attachment":"scroll","background-type":"","background-media":"","overlay-type":"","overlay-color":"","overlay-opacity":"","overlay-gradient":""},"tablet":{"background-color":"var(--ast-global-color-5)","background-image":"","background-repeat":"repeat","background-position":"center center","background-size":"auto","background-attachment":"scroll","background-type":"","background-media":"","overlay-type":"","overlay-color":"","overlay-opacity":"","overlay-gradient":""},"mobile":{"background-color":"var(--ast-global-color-5)","background-image":"","background-repeat":"repeat","background-position":"center center","background-size":"auto","background-attachment":"scroll","background-type":"","background-media":"","overlay-type":"","overlay-color":"","overlay-opacity":"","overlay-gradient":""}},"footnotes":""},"class_list":["post-6762","page","type-page","status-publish","hentry"],"_links":{"self":[{"href":"https:\/\/loicnavarro.com\/en\/wp-json\/wp\/v2\/pages\/6762","targetHints":{"allow":["GET"]}}],"collection":[{"href":"https:\/\/loicnavarro.com\/en\/wp-json\/wp\/v2\/pages"}],"about":[{"href":"https:\/\/loicnavarro.com\/en\/wp-json\/wp\/v2\/types\/page"}],"author":[{"embeddable":true,"href":"https:\/\/loicnavarro.com\/en\/wp-json\/wp\/v2\/users\/1"}],"replies":[{"embeddable":true,"href":"https:\/\/loicnavarro.com\/en\/wp-json\/wp\/v2\/comments?post=6762"}],"version-history":[{"count":88,"href":"https:\/\/loicnavarro.com\/en\/wp-json\/wp\/v2\/pages\/6762\/revisions"}],"predecessor-version":[{"id":14241,"href":"https:\/\/loicnavarro.com\/en\/wp-json\/wp\/v2\/pages\/6762\/revisions\/14241"}],"wp:attachment":[{"href":"https:\/\/loicnavarro.com\/en\/wp-json\/wp\/v2\/media?parent=6762"}],"curies":[{"name":"wp","href":"https:\/\/api.w.org\/{rel}","templated":true}]}}