{"id":6769,"date":"2024-05-19T16:19:57","date_gmt":"2024-05-19T15:19:57","guid":{"rendered":"https:\/\/loicnavarro.com\/?page_id=6769"},"modified":"2026-04-10T19:14:29","modified_gmt":"2026-04-10T18:14:29","slug":"video-orion-treehouses","status":"publish","type":"page","link":"https:\/\/loicnavarro.com\/en\/video-orion-treehouses\/","title":{"rendered":"ORION TREEHOUSES"},"content":{"rendered":"<div data-elementor-type=\"wp-page\" data-elementor-id=\"6769\" class=\"elementor elementor-6769\">\n\t\t\t\t<div class=\"elementor-element elementor-element-d09a497 e-flex e-con-boxed e-con e-parent\" data-id=\"d09a497\" data-element_type=\"container\" data-e-type=\"container\" data-settings=\"{&quot;background_background&quot;:&quot;classic&quot;}\">\n\t\t\t\t\t<div class=\"e-con-inner\">\n\t\t<div class=\"elementor-element elementor-element-1b52125 e-con-full e-flex e-con e-child\" data-id=\"1b52125\" data-element_type=\"container\" data-e-type=\"container\">\n\t\t\t\t<div class=\"elementor-element elementor-element-c25e116 elementor-widget elementor-widget-heading\" data-id=\"c25e116\" data-element_type=\"widget\" data-e-type=\"widget\" data-widget_type=\"heading.default\">\n\t\t\t\t<div class=\"elementor-widget-container\">\n\t\t\t\t\t<h2 class=\"elementor-heading-title elementor-size-default\"><b>ORION TREEHOUSES<\/b> - B&amp;B<\/h2>\t\t\t\t<\/div>\n\t\t\t\t<\/div>\n\t\t\t\t<div class=\"elementor-element elementor-element-ecf9948 elementor-widget-divider--view-line elementor-widget elementor-widget-divider\" data-id=\"ecf9948\" data-element_type=\"widget\" data-e-type=\"widget\" data-widget_type=\"divider.default\">\n\t\t\t\t<div class=\"elementor-widget-container\">\n\t\t\t\t\t\t\t<div class=\"elementor-divider\">\n\t\t\t<span class=\"elementor-divider-separator\">\n\t\t\t\t\t\t<\/span>\n\t\t<\/div>\n\t\t\t\t\t\t<\/div>\n\t\t\t\t<\/div>\n\t\t<div class=\"elementor-element elementor-element-2b86746 e-con-full e-flex e-con e-child\" data-id=\"2b86746\" data-element_type=\"container\" data-e-type=\"container\">\n\t\t\t\t<div class=\"elementor-element elementor-element-f8ba91f elementor-widget elementor-widget-video\" data-id=\"f8ba91f\" data-element_type=\"widget\" data-e-type=\"widget\" data-settings=\"{&quot;video_type&quot;:&quot;vimeo&quot;,&quot;yt_privacy&quot;:&quot;yes&quot;}\" data-widget_type=\"video.default\">\n\t\t\t\t<div class=\"elementor-widget-container\">\n\t\t\t\t\t\t\t<div class=\"elementor-wrapper elementor-open-inline\">\n\t\t\t<iframe class=\"elementor-video-iframe\" allowfullscreen allow=\"clipboard-write\" title=\"Lecteur vid\u00e9o vimeo\" src=\"https:\/\/player.vimeo.com\/video\/1066117436?color&amp;autopause=0&amp;dnt=true&amp;loop=0&amp;muted=0&amp;title=0&amp;portrait=0&amp;byline=0#t=\"><\/iframe>\t\t<\/div>\n\t\t\t\t\t\t<\/div>\n\t\t\t\t<\/div>\n\t\t\t\t<\/div>\n\t\t\t\t<div class=\"elementor-element elementor-element-6a98ec0 elementor-widget elementor-widget-text-editor\" data-id=\"6a98ec0\" data-element_type=\"widget\" data-e-type=\"widget\" data-widget_type=\"text-editor.default\">\n\t\t\t\t<div class=\"elementor-widget-container\">\n\t\t\t\t\t\t\t\t\t<p><strong>R\u00e9alisateur, chef op\u00e9rateur :<\/strong> Lo\u00efc Navarro<br \/><strong>Montage :<\/strong> Lo\u00efc Navarro<br \/><strong>Talents :<\/strong> Sil\u00e8ne, Lenny, Charlotte, Antoine, Jade, Emma, Matte\u00ef<\/p>\t\t\t\t\t\t\t\t<\/div>\n\t\t\t\t<\/div>\n\t\t\t\t<\/div>\n\t\t<div class=\"elementor-element elementor-element-26eb437 e-con-full e-flex e-con e-child\" data-id=\"26eb437\" data-element_type=\"container\" data-e-type=\"container\">\n\t\t\t\t<div class=\"elementor-element elementor-element-b1eaccd elementor-widget-divider--view-line elementor-widget elementor-widget-divider\" data-id=\"b1eaccd\" data-element_type=\"widget\" data-e-type=\"widget\" data-widget_type=\"divider.default\">\n\t\t\t\t<div class=\"elementor-widget-container\">\n\t\t\t\t\t\t\t<div class=\"elementor-divider\">\n\t\t\t<span class=\"elementor-divider-separator\">\n\t\t\t\t\t\t<\/span>\n\t\t<\/div>\n\t\t\t\t\t\t<\/div>\n\t\t\t\t<\/div>\n\t\t<div class=\"elementor-element elementor-element-b25ad63 e-grid e-con-full e-con e-child\" data-id=\"b25ad63\" data-element_type=\"container\" data-e-type=\"container\">\n\t\t\t\t<div class=\"elementor-element elementor-element-b0ded95 elementor-widget elementor-widget-image\" data-id=\"b0ded95\" data-element_type=\"widget\" data-e-type=\"widget\" data-widget_type=\"image.default\">\n\t\t\t\t<div class=\"elementor-widget-container\">\n\t\t\t\t\t\t\t\t\t\t\t\t\t\t\t<img fetchpriority=\"high\" decoding=\"async\" width=\"1280\" height=\"720\" src=\"https:\/\/loicnavarro.com\/media\/2024\/07\/Orion-3.webp\" class=\"attachment-medium size-medium wp-image-9608\" alt=\"Vid\u00e9aste et Photographe Nice - Lo\u00efc Navarro Orion Treehouses Saint Paul de Vence 2\" srcset=\"https:\/\/loicnavarro.com\/media\/2024\/07\/Orion-3.webp 1280w, https:\/\/loicnavarro.com\/media\/2024\/07\/Orion-3-768x432.webp 768w\" sizes=\"(max-width: 1280px) 100vw, 1280px\" title=\"\">\t\t\t\t\t\t\t\t\t\t\t\t\t\t\t<\/div>\n\t\t\t\t<\/div>\n\t\t\t\t<div class=\"elementor-element elementor-element-3ca1e72 elementor-widget elementor-widget-image\" data-id=\"3ca1e72\" data-element_type=\"widget\" data-e-type=\"widget\" data-widget_type=\"image.default\">\n\t\t\t\t<div class=\"elementor-widget-container\">\n\t\t\t\t\t\t\t\t\t\t\t\t\t\t\t<img decoding=\"async\" width=\"1280\" height=\"720\" src=\"https:\/\/loicnavarro.com\/media\/2024\/07\/Orion-10.webp\" class=\"attachment-medium size-medium wp-image-9630\" alt=\"Vid\u00e9aste et Photographe Nice - Lo\u00efc Navarro Orion Treehouses Saint Paul de Vence 10\" srcset=\"https:\/\/loicnavarro.com\/media\/2024\/07\/Orion-10.webp 1280w, https:\/\/loicnavarro.com\/media\/2024\/07\/Orion-10-768x432.webp 768w\" sizes=\"(max-width: 1280px) 100vw, 1280px\" title=\"\">\t\t\t\t\t\t\t\t\t\t\t\t\t\t\t<\/div>\n\t\t\t\t<\/div>\n\t\t\t\t<div class=\"elementor-element elementor-element-44cb3aa elementor-widget elementor-widget-image\" data-id=\"44cb3aa\" data-element_type=\"widget\" data-e-type=\"widget\" data-widget_type=\"image.default\">\n\t\t\t\t<div class=\"elementor-widget-container\">\n\t\t\t\t\t\t\t\t\t\t\t\t\t\t\t<img decoding=\"async\" width=\"1141\" height=\"642\" src=\"https:\/\/loicnavarro.com\/media\/2024\/07\/Orion-5-e1721240427280.webp\" class=\"attachment-medium size-medium wp-image-9610\" alt=\"Vid\u00e9aste et Photographe Nice - Lo\u00efc Navarro Orion Treehouses Saint Paul de Vence 1\" srcset=\"https:\/\/loicnavarro.com\/media\/2024\/07\/Orion-5-e1721240427280.webp 1141w, https:\/\/loicnavarro.com\/media\/2024\/07\/Orion-5-e1721240427280-768x432.webp 768w\" sizes=\"(max-width: 1141px) 100vw, 1141px\" title=\"\">\t\t\t\t\t\t\t\t\t\t\t\t\t\t\t<\/div>\n\t\t\t\t<\/div>\n\t\t\t\t<div class=\"elementor-element elementor-element-6b14aea elementor-widget elementor-widget-image\" data-id=\"6b14aea\" data-element_type=\"widget\" data-e-type=\"widget\" data-widget_type=\"image.default\">\n\t\t\t\t<div class=\"elementor-widget-container\">\n\t\t\t\t\t\t\t\t\t\t\t\t\t\t\t<img loading=\"lazy\" decoding=\"async\" width=\"1280\" height=\"720\" src=\"https:\/\/loicnavarro.com\/media\/2024\/07\/Orion-7.webp\" class=\"attachment-medium size-medium wp-image-9612\" alt=\"Vid\u00e9aste et Photographe Nice - Lo\u00efc Navarro Orion Treehouses Saint Paul de Vence 6\" srcset=\"https:\/\/loicnavarro.com\/media\/2024\/07\/Orion-7.webp 1280w, https:\/\/loicnavarro.com\/media\/2024\/07\/Orion-7-768x432.webp 768w\" sizes=\"(max-width: 1280px) 100vw, 1280px\" title=\"\">\t\t\t\t\t\t\t\t\t\t\t\t\t\t\t<\/div>\n\t\t\t\t<\/div>\n\t\t\t\t<div class=\"elementor-element elementor-element-002f03f elementor-widget elementor-widget-image\" data-id=\"002f03f\" data-element_type=\"widget\" data-e-type=\"widget\" data-widget_type=\"image.default\">\n\t\t\t\t<div class=\"elementor-widget-container\">\n\t\t\t\t\t\t\t\t\t\t\t\t\t\t\t<img loading=\"lazy\" decoding=\"async\" width=\"1280\" height=\"720\" src=\"https:\/\/loicnavarro.com\/media\/2024\/07\/Orion-1.webp\" class=\"attachment-medium size-medium wp-image-9606\" alt=\"Vid\u00e9aste Monaco, Vid\u00e9aste Nice, Filmmaker Aventure et Tourisme C\u00f4te d&#039;Azur - Lo\u00efc Navarro\" srcset=\"https:\/\/loicnavarro.com\/media\/2024\/07\/Orion-1.webp 1280w, https:\/\/loicnavarro.com\/media\/2024\/07\/Orion-1-768x432.webp 768w\" sizes=\"(max-width: 1280px) 100vw, 1280px\" title=\"\">\t\t\t\t\t\t\t\t\t\t\t\t\t\t\t<\/div>\n\t\t\t\t<\/div>\n\t\t\t\t<div class=\"elementor-element elementor-element-128e2f0 elementor-widget elementor-widget-image\" data-id=\"128e2f0\" data-element_type=\"widget\" data-e-type=\"widget\" data-widget_type=\"image.default\">\n\t\t\t\t<div class=\"elementor-widget-container\">\n\t\t\t\t\t\t\t\t\t\t\t\t\t\t\t<img loading=\"lazy\" decoding=\"async\" width=\"1280\" height=\"720\" src=\"https:\/\/loicnavarro.com\/media\/2024\/07\/Orion-6.webp\" class=\"attachment-medium size-medium wp-image-9611\" alt=\"Vid\u00e9aste et Photographe Nice - Lo\u00efc Navarro Orion Treehouses Saint Paul de Vence 5\" srcset=\"https:\/\/loicnavarro.com\/media\/2024\/07\/Orion-6.webp 1280w, https:\/\/loicnavarro.com\/media\/2024\/07\/Orion-6-768x432.webp 768w\" sizes=\"(max-width: 1280px) 100vw, 1280px\" title=\"\">\t\t\t\t\t\t\t\t\t\t\t\t\t\t\t<\/div>\n\t\t\t\t<\/div>\n\t\t\t\t<div class=\"elementor-element elementor-element-97616dd elementor-widget elementor-widget-image\" data-id=\"97616dd\" data-element_type=\"widget\" data-e-type=\"widget\" data-widget_type=\"image.default\">\n\t\t\t\t<div class=\"elementor-widget-container\">\n\t\t\t\t\t\t\t\t\t\t\t\t\t\t\t<img loading=\"lazy\" decoding=\"async\" width=\"1280\" height=\"720\" src=\"https:\/\/loicnavarro.com\/media\/2024\/07\/Orion-2.webp\" class=\"attachment-medium size-medium wp-image-9607\" alt=\"Vid\u00e9aste et Photographe Nice - Lo\u00efc Navarro Orion Treehouses Saint Paul de Vence 3\" srcset=\"https:\/\/loicnavarro.com\/media\/2024\/07\/Orion-2.webp 1280w, https:\/\/loicnavarro.com\/media\/2024\/07\/Orion-2-768x432.webp 768w\" sizes=\"(max-width: 1280px) 100vw, 1280px\" title=\"\">\t\t\t\t\t\t\t\t\t\t\t\t\t\t\t<\/div>\n\t\t\t\t<\/div>\n\t\t\t\t<div class=\"elementor-element elementor-element-3fb9b22 elementor-widget elementor-widget-image\" data-id=\"3fb9b22\" data-element_type=\"widget\" data-e-type=\"widget\" data-widget_type=\"image.default\">\n\t\t\t\t<div class=\"elementor-widget-container\">\n\t\t\t\t\t\t\t\t\t\t\t\t\t\t\t<img loading=\"lazy\" decoding=\"async\" width=\"1280\" height=\"720\" src=\"https:\/\/loicnavarro.com\/media\/2024\/07\/Orion-4.webp\" class=\"attachment-medium size-medium wp-image-9609\" alt=\"Vid\u00e9aste et Photographe Nice - Lo\u00efc Navarro Orion Treehouses Saint Paul de Vence 4\" srcset=\"https:\/\/loicnavarro.com\/media\/2024\/07\/Orion-4.webp 1280w, https:\/\/loicnavarro.com\/media\/2024\/07\/Orion-4-768x432.webp 768w\" sizes=\"(max-width: 1280px) 100vw, 1280px\" title=\"\">\t\t\t\t\t\t\t\t\t\t\t\t\t\t\t<\/div>\n\t\t\t\t<\/div>\n\t\t\t\t<div class=\"elementor-element elementor-element-0b099c3 elementor-widget elementor-widget-image\" data-id=\"0b099c3\" data-element_type=\"widget\" data-e-type=\"widget\" data-widget_type=\"image.default\">\n\t\t\t\t<div class=\"elementor-widget-container\">\n\t\t\t\t\t\t\t\t\t\t\t\t\t\t\t<img loading=\"lazy\" decoding=\"async\" width=\"1280\" height=\"720\" src=\"https:\/\/loicnavarro.com\/media\/2024\/07\/Orion-9.webp\" class=\"attachment-medium size-medium wp-image-9631\" alt=\"Vid\u00e9aste et Photographe Nice - Lo\u00efc Navarro Orion Treehouses Saint Paul de Vence 9\" srcset=\"https:\/\/loicnavarro.com\/media\/2024\/07\/Orion-9.webp 1280w, https:\/\/loicnavarro.com\/media\/2024\/07\/Orion-9-768x432.webp 768w\" sizes=\"(max-width: 1280px) 100vw, 1280px\" title=\"\">\t\t\t\t\t\t\t\t\t\t\t\t\t\t\t<\/div>\n\t\t\t\t<\/div>\n\t\t\t\t<\/div>\n\t\t\t\t<div class=\"elementor-element elementor-element-34d22b1 elementor-widget-divider--view-line elementor-widget elementor-widget-divider\" data-id=\"34d22b1\" data-element_type=\"widget\" data-e-type=\"widget\" data-widget_type=\"divider.default\">\n\t\t\t\t<div class=\"elementor-widget-container\">\n\t\t\t\t\t\t\t<div class=\"elementor-divider\">\n\t\t\t<span class=\"elementor-divider-separator\">\n\t\t\t\t\t\t<\/span>\n\t\t<\/div>\n\t\t\t\t\t\t<\/div>\n\t\t\t\t<\/div>\n\t\t\t\t<\/div>\n\t\t\t\t\t<\/div>\n\t\t\t\t<\/div>\n\t\t\t\t<\/div>","protected":false},"excerpt":{"rendered":"<p>ORION TREEHOUSES &#8211; B&amp;B https:\/\/vimeo.com\/1066117436?share=copy R\u00e9alisateur, chef op\u00e9rateur : Lo\u00efc NavarroMontage : Lo\u00efc NavarroTalents : Sil\u00e8ne, Lenny, Charlotte, Antoine, Jade, Emma, Matte\u00ef<\/p>","protected":false},"author":1,"featured_media":0,"parent":0,"menu_order":0,"comment_status":"closed","ping_status":"closed","template":"","meta":{"site-sidebar-layout":"no-sidebar","site-content-layout":"page-builder","ast-site-content-layout":"full-width-container","site-content-style":"default","site-sidebar-style":"default","ast-global-header-display":"","ast-banner-title-visibility":"","ast-main-header-display":"","ast-hfb-above-header-display":"","ast-hfb-below-header-display":"","ast-hfb-mobile-header-display":"","site-post-title":"disabled","ast-breadcrumbs-content":"","ast-featured-img":"disabled","footer-sml-layout":"","ast-disable-related-posts":"","theme-transparent-header-meta":"","adv-header-id-meta":"","stick-header-meta":"","header-above-stick-meta":"","header-main-stick-meta":"","header-below-stick-meta":"","astra-migrate-meta-layouts":"set","ast-page-background-enabled":"default","ast-page-background-meta":{"desktop":{"background-color":"var(--ast-global-color-4)","background-image":"","background-repeat":"repeat","background-position":"center center","background-size":"auto","background-attachment":"scroll","background-type":"","background-media":"","overlay-type":"","overlay-color":"","overlay-opacity":"","overlay-gradient":""},"tablet":{"background-color":"","background-image":"","background-repeat":"repeat","background-position":"center center","background-size":"auto","background-attachment":"scroll","background-type":"","background-media":"","overlay-type":"","overlay-color":"","overlay-opacity":"","overlay-gradient":""},"mobile":{"background-color":"","background-image":"","background-repeat":"repeat","background-position":"center center","background-size":"auto","background-attachment":"scroll","background-type":"","background-media":"","overlay-type":"","overlay-color":"","overlay-opacity":"","overlay-gradient":""}},"ast-content-background-meta":{"desktop":{"background-color":"var(--ast-global-color-5)","background-image":"","background-repeat":"repeat","background-position":"center center","background-size":"auto","background-attachment":"scroll","background-type":"","background-media":"","overlay-type":"","overlay-color":"","overlay-opacity":"","overlay-gradient":""},"tablet":{"background-color":"var(--ast-global-color-5)","background-image":"","background-repeat":"repeat","background-position":"center center","background-size":"auto","background-attachment":"scroll","background-type":"","background-media":"","overlay-type":"","overlay-color":"","overlay-opacity":"","overlay-gradient":""},"mobile":{"background-color":"var(--ast-global-color-5)","background-image":"","background-repeat":"repeat","background-position":"center center","background-size":"auto","background-attachment":"scroll","background-type":"","background-media":"","overlay-type":"","overlay-color":"","overlay-opacity":"","overlay-gradient":""}},"footnotes":""},"class_list":["post-6769","page","type-page","status-publish","hentry"],"_links":{"self":[{"href":"https:\/\/loicnavarro.com\/en\/wp-json\/wp\/v2\/pages\/6769","targetHints":{"allow":["GET"]}}],"collection":[{"href":"https:\/\/loicnavarro.com\/en\/wp-json\/wp\/v2\/pages"}],"about":[{"href":"https:\/\/loicnavarro.com\/en\/wp-json\/wp\/v2\/types\/page"}],"author":[{"embeddable":true,"href":"https:\/\/loicnavarro.com\/en\/wp-json\/wp\/v2\/users\/1"}],"replies":[{"embeddable":true,"href":"https:\/\/loicnavarro.com\/en\/wp-json\/wp\/v2\/comments?post=6769"}],"version-history":[{"count":132,"href":"https:\/\/loicnavarro.com\/en\/wp-json\/wp\/v2\/pages\/6769\/revisions"}],"predecessor-version":[{"id":14226,"href":"https:\/\/loicnavarro.com\/en\/wp-json\/wp\/v2\/pages\/6769\/revisions\/14226"}],"wp:attachment":[{"href":"https:\/\/loicnavarro.com\/en\/wp-json\/wp\/v2\/media?parent=6769"}],"curies":[{"name":"wp","href":"https:\/\/api.w.org\/{rel}","templated":true}]}}