{"id":9461,"date":"2024-06-12T17:22:41","date_gmt":"2024-06-12T16:22:41","guid":{"rendered":"https:\/\/loicnavarro.com\/?page_id=9461"},"modified":"2026-04-10T19:32:21","modified_gmt":"2026-04-10T18:32:21","slug":"video-triverio","status":"publish","type":"page","link":"https:\/\/loicnavarro.com\/en\/video-triverio\/","title":{"rendered":"TRIVERIO CONSTRUCTION"},"content":{"rendered":"<div data-elementor-type=\"wp-page\" data-elementor-id=\"9461\" class=\"elementor elementor-9461\">\n\t\t\t\t<div class=\"elementor-element elementor-element-d1e6e0c e-flex e-con-boxed e-con e-parent\" data-id=\"d1e6e0c\" data-element_type=\"container\" data-e-type=\"container\" data-settings=\"{&quot;background_background&quot;:&quot;classic&quot;}\">\n\t\t\t\t\t<div class=\"e-con-inner\">\n\t\t<div class=\"elementor-element elementor-element-9d45b33 e-con-full e-flex e-con e-child\" data-id=\"9d45b33\" data-element_type=\"container\" data-e-type=\"container\">\n\t\t\t\t<div class=\"elementor-element elementor-element-4a81de9 elementor-widget elementor-widget-heading\" data-id=\"4a81de9\" data-element_type=\"widget\" data-e-type=\"widget\" data-widget_type=\"heading.default\">\n\t\t\t\t<div class=\"elementor-widget-container\">\n\t\t\t\t\t<h2 class=\"elementor-heading-title elementor-size-default\"><b>TRIVERIO<\/b>  - L'Apr\u00e8s-temp\u00eate Alex<\/h2>\t\t\t\t<\/div>\n\t\t\t\t<\/div>\n\t\t\t\t<div class=\"elementor-element elementor-element-e57de26 elementor-widget-divider--view-line elementor-widget elementor-widget-divider\" data-id=\"e57de26\" data-element_type=\"widget\" data-e-type=\"widget\" data-widget_type=\"divider.default\">\n\t\t\t\t<div class=\"elementor-widget-container\">\n\t\t\t\t\t\t\t<div class=\"elementor-divider\">\n\t\t\t<span class=\"elementor-divider-separator\">\n\t\t\t\t\t\t<\/span>\n\t\t<\/div>\n\t\t\t\t\t\t<\/div>\n\t\t\t\t<\/div>\n\t\t<div class=\"elementor-element elementor-element-3a935ce e-con-full e-flex e-con e-child\" data-id=\"3a935ce\" data-element_type=\"container\" data-e-type=\"container\">\n\t\t\t\t<div class=\"elementor-element elementor-element-64f4525 elementor-widget elementor-widget-video\" data-id=\"64f4525\" data-element_type=\"widget\" data-e-type=\"widget\" data-settings=\"{&quot;video_type&quot;:&quot;vimeo&quot;,&quot;yt_privacy&quot;:&quot;yes&quot;}\" data-widget_type=\"video.default\">\n\t\t\t\t<div class=\"elementor-widget-container\">\n\t\t\t\t\t\t\t<div class=\"elementor-wrapper elementor-open-inline\">\n\t\t\t<iframe class=\"elementor-video-iframe\" allowfullscreen allow=\"clipboard-write\" title=\"Lecteur vid\u00e9o vimeo\" src=\"https:\/\/player.vimeo.com\/video\/1015198585?color&amp;autopause=0&amp;dnt=true&amp;loop=0&amp;muted=0&amp;title=0&amp;portrait=0&amp;byline=0#t=\"><\/iframe>\t\t<\/div>\n\t\t\t\t\t\t<\/div>\n\t\t\t\t<\/div>\n\t\t\t\t<\/div>\n\t\t\t\t<div class=\"elementor-element elementor-element-cd83de7 elementor-widget elementor-widget-heading\" data-id=\"cd83de7\" data-element_type=\"widget\" data-e-type=\"widget\" data-widget_type=\"heading.default\">\n\t\t\t\t<div class=\"elementor-widget-container\">\n\t\t\t\t\t<h3 class=\"elementor-heading-title elementor-size-default\">(director's cut)<\/h3>\t\t\t\t<\/div>\n\t\t\t\t<\/div>\n\t\t\t\t<div class=\"elementor-element elementor-element-25f3abe elementor-widget elementor-widget-text-editor\" data-id=\"25f3abe\" data-element_type=\"widget\" data-e-type=\"widget\" data-widget_type=\"text-editor.default\">\n\t\t\t\t<div class=\"elementor-widget-container\">\n\t\t\t\t\t\t\t\t\t<p><strong>Cadrage et montage :<\/strong> Lo\u00efc Navarro<br \/><strong>Client :<\/strong> Triverio Construction (VINCI)<\/p>\t\t\t\t\t\t\t\t<\/div>\n\t\t\t\t<\/div>\n\t\t\t\t<\/div>\n\t\t<div class=\"elementor-element elementor-element-cba0388 e-con-full e-flex e-con e-child\" data-id=\"cba0388\" data-element_type=\"container\" data-e-type=\"container\">\n\t\t\t\t<div class=\"elementor-element elementor-element-b7fbe82 elementor-widget-divider--view-line elementor-widget elementor-widget-divider\" data-id=\"b7fbe82\" data-element_type=\"widget\" data-e-type=\"widget\" data-widget_type=\"divider.default\">\n\t\t\t\t<div class=\"elementor-widget-container\">\n\t\t\t\t\t\t\t<div class=\"elementor-divider\">\n\t\t\t<span class=\"elementor-divider-separator\">\n\t\t\t\t\t\t<\/span>\n\t\t<\/div>\n\t\t\t\t\t\t<\/div>\n\t\t\t\t<\/div>\n\t\t<div class=\"elementor-element elementor-element-d1c6b25 e-grid e-con-full e-con e-child\" data-id=\"d1c6b25\" data-element_type=\"container\" data-e-type=\"container\">\n\t\t\t\t<div class=\"elementor-element elementor-element-f2ad424 elementor-widget elementor-widget-image\" data-id=\"f2ad424\" data-element_type=\"widget\" data-e-type=\"widget\" data-widget_type=\"image.default\">\n\t\t\t\t<div class=\"elementor-widget-container\">\n\t\t\t\t\t\t\t\t\t\t\t\t\t\t\t<img fetchpriority=\"high\" decoding=\"async\" width=\"1280\" height=\"720\" src=\"https:\/\/loicnavarro.com\/media\/2024\/06\/Loic-Navarro-Realisateur-video-Nice-et-Monaco-Corporate-6.webp\" class=\"attachment-medium size-medium wp-image-9469\" alt=\"Loic Navarro Realisateur video Nice et Monaco Corporate 6\" srcset=\"https:\/\/loicnavarro.com\/media\/2024\/06\/Loic-Navarro-Realisateur-video-Nice-et-Monaco-Corporate-6.webp 1280w, https:\/\/loicnavarro.com\/media\/2024\/06\/Loic-Navarro-Realisateur-video-Nice-et-Monaco-Corporate-6-768x432.webp 768w\" sizes=\"(max-width: 1280px) 100vw, 1280px\" title=\"\">\t\t\t\t\t\t\t\t\t\t\t\t\t\t\t<\/div>\n\t\t\t\t<\/div>\n\t\t\t\t<div class=\"elementor-element elementor-element-ba6e075 elementor-widget elementor-widget-image\" data-id=\"ba6e075\" data-element_type=\"widget\" data-e-type=\"widget\" data-widget_type=\"image.default\">\n\t\t\t\t<div class=\"elementor-widget-container\">\n\t\t\t\t\t\t\t\t\t\t\t\t\t\t\t<img decoding=\"async\" width=\"1280\" height=\"720\" src=\"https:\/\/loicnavarro.com\/media\/2024\/06\/Loic-Navarro-Realisateur-video-Nice-et-Monaco-Corporate-5.webp\" class=\"attachment-medium size-medium wp-image-9468\" alt=\"Loic Navarro Realisateur video Nice et Monaco Corporate 5\" srcset=\"https:\/\/loicnavarro.com\/media\/2024\/06\/Loic-Navarro-Realisateur-video-Nice-et-Monaco-Corporate-5.webp 1280w, https:\/\/loicnavarro.com\/media\/2024\/06\/Loic-Navarro-Realisateur-video-Nice-et-Monaco-Corporate-5-768x432.webp 768w\" sizes=\"(max-width: 1280px) 100vw, 1280px\" title=\"\">\t\t\t\t\t\t\t\t\t\t\t\t\t\t\t<\/div>\n\t\t\t\t<\/div>\n\t\t\t\t<div class=\"elementor-element elementor-element-d526b5e elementor-widget elementor-widget-image\" data-id=\"d526b5e\" data-element_type=\"widget\" data-e-type=\"widget\" data-widget_type=\"image.default\">\n\t\t\t\t<div class=\"elementor-widget-container\">\n\t\t\t\t\t\t\t\t\t\t\t\t\t\t\t<img decoding=\"async\" width=\"1280\" height=\"720\" src=\"https:\/\/loicnavarro.com\/media\/2024\/06\/Loic-Navarro-Realisateur-video-Nice-et-Monaco-Corporate-4.webp\" class=\"attachment-medium size-medium wp-image-9467\" alt=\"Loic Navarro Realisateur video Nice et Monaco Corporate 4\" srcset=\"https:\/\/loicnavarro.com\/media\/2024\/06\/Loic-Navarro-Realisateur-video-Nice-et-Monaco-Corporate-4.webp 1280w, https:\/\/loicnavarro.com\/media\/2024\/06\/Loic-Navarro-Realisateur-video-Nice-et-Monaco-Corporate-4-768x432.webp 768w\" sizes=\"(max-width: 1280px) 100vw, 1280px\" title=\"\">\t\t\t\t\t\t\t\t\t\t\t\t\t\t\t<\/div>\n\t\t\t\t<\/div>\n\t\t\t\t<div class=\"elementor-element elementor-element-3257998 elementor-widget elementor-widget-image\" data-id=\"3257998\" data-element_type=\"widget\" data-e-type=\"widget\" data-widget_type=\"image.default\">\n\t\t\t\t<div class=\"elementor-widget-container\">\n\t\t\t\t\t\t\t\t\t\t\t\t\t\t\t<img loading=\"lazy\" decoding=\"async\" width=\"1280\" height=\"720\" src=\"https:\/\/loicnavarro.com\/media\/2024\/06\/Loic-Navarro-Realisateur-video-Nice-et-Monaco-Corporate-2.webp\" class=\"attachment-medium size-medium wp-image-9465\" alt=\"Loic Navarro Realisateur video Nice et Monaco Corporate 2\" srcset=\"https:\/\/loicnavarro.com\/media\/2024\/06\/Loic-Navarro-Realisateur-video-Nice-et-Monaco-Corporate-2.webp 1280w, https:\/\/loicnavarro.com\/media\/2024\/06\/Loic-Navarro-Realisateur-video-Nice-et-Monaco-Corporate-2-768x432.webp 768w\" sizes=\"(max-width: 1280px) 100vw, 1280px\" title=\"\">\t\t\t\t\t\t\t\t\t\t\t\t\t\t\t<\/div>\n\t\t\t\t<\/div>\n\t\t\t\t<div class=\"elementor-element elementor-element-02560f8 elementor-widget elementor-widget-image\" data-id=\"02560f8\" data-element_type=\"widget\" data-e-type=\"widget\" data-widget_type=\"image.default\">\n\t\t\t\t<div class=\"elementor-widget-container\">\n\t\t\t\t\t\t\t\t\t\t\t\t\t\t\t<img loading=\"lazy\" decoding=\"async\" width=\"1276\" height=\"716\" src=\"https:\/\/loicnavarro.com\/media\/2024\/06\/Loic-Navarro-Videaste-Nice-Videaste-Monaco.webp\" class=\"attachment-medium size-medium wp-image-9481\" alt=\"Loic Navarro Videaste Nice Videaste Monaco\" srcset=\"https:\/\/loicnavarro.com\/media\/2024\/06\/Loic-Navarro-Videaste-Nice-Videaste-Monaco.webp 1276w, https:\/\/loicnavarro.com\/media\/2024\/06\/Loic-Navarro-Videaste-Nice-Videaste-Monaco-768x431.webp 768w\" sizes=\"(max-width: 1276px) 100vw, 1276px\" title=\"\">\t\t\t\t\t\t\t\t\t\t\t\t\t\t\t<\/div>\n\t\t\t\t<\/div>\n\t\t\t\t<div class=\"elementor-element elementor-element-077302b elementor-widget elementor-widget-image\" data-id=\"077302b\" data-element_type=\"widget\" data-e-type=\"widget\" data-widget_type=\"image.default\">\n\t\t\t\t<div class=\"elementor-widget-container\">\n\t\t\t\t\t\t\t\t\t\t\t\t\t\t\t<img loading=\"lazy\" decoding=\"async\" width=\"1280\" height=\"720\" src=\"https:\/\/loicnavarro.com\/media\/2024\/06\/Loic-Navarro-Realisateur-video-Nice-et-Monaco-Corporate-1.webp\" class=\"attachment-medium size-medium wp-image-9464\" alt=\"Loic Navarro Realisateur video Nice et Monaco Corporate 1\" srcset=\"https:\/\/loicnavarro.com\/media\/2024\/06\/Loic-Navarro-Realisateur-video-Nice-et-Monaco-Corporate-1.webp 1280w, https:\/\/loicnavarro.com\/media\/2024\/06\/Loic-Navarro-Realisateur-video-Nice-et-Monaco-Corporate-1-768x432.webp 768w\" sizes=\"(max-width: 1280px) 100vw, 1280px\" title=\"\">\t\t\t\t\t\t\t\t\t\t\t\t\t\t\t<\/div>\n\t\t\t\t<\/div>\n\t\t\t\t<div class=\"elementor-element elementor-element-5796fb3 elementor-widget elementor-widget-image\" data-id=\"5796fb3\" data-element_type=\"widget\" data-e-type=\"widget\" data-widget_type=\"image.default\">\n\t\t\t\t<div class=\"elementor-widget-container\">\n\t\t\t\t\t\t\t\t\t\t\t\t\t\t\t<img loading=\"lazy\" decoding=\"async\" width=\"1280\" height=\"720\" src=\"https:\/\/loicnavarro.com\/media\/2024\/06\/Loic-Navarro-Realisateur-video-Nice-et-Monaco-Corporate-3.webp\" class=\"attachment-medium size-medium wp-image-9466\" alt=\"Loic Navarro Realisateur video Nice et Monaco Corporate 3\" srcset=\"https:\/\/loicnavarro.com\/media\/2024\/06\/Loic-Navarro-Realisateur-video-Nice-et-Monaco-Corporate-3.webp 1280w, https:\/\/loicnavarro.com\/media\/2024\/06\/Loic-Navarro-Realisateur-video-Nice-et-Monaco-Corporate-3-768x432.webp 768w\" sizes=\"(max-width: 1280px) 100vw, 1280px\" title=\"\">\t\t\t\t\t\t\t\t\t\t\t\t\t\t\t<\/div>\n\t\t\t\t<\/div>\n\t\t\t\t<\/div>\n\t\t\t\t<div class=\"elementor-element elementor-element-d6d8023 elementor-widget-divider--view-line elementor-widget elementor-widget-divider\" data-id=\"d6d8023\" data-element_type=\"widget\" data-e-type=\"widget\" data-widget_type=\"divider.default\">\n\t\t\t\t<div class=\"elementor-widget-container\">\n\t\t\t\t\t\t\t<div class=\"elementor-divider\">\n\t\t\t<span class=\"elementor-divider-separator\">\n\t\t\t\t\t\t<\/span>\n\t\t<\/div>\n\t\t\t\t\t\t<\/div>\n\t\t\t\t<\/div>\n\t\t\t\t<\/div>\n\t\t\t\t\t<\/div>\n\t\t\t\t<\/div>\n\t\t\t\t<\/div>","protected":false},"excerpt":{"rendered":"<p>TRIVERIO &#8211; L&#8217;Apr\u00e8s-temp\u00eate Alex (director&#8217;s cut) Cadrage et montage : Lo\u00efc NavarroClient : Triverio Construction (VINCI)<\/p>","protected":false},"author":1,"featured_media":0,"parent":0,"menu_order":0,"comment_status":"closed","ping_status":"closed","template":"","meta":{"site-sidebar-layout":"no-sidebar","site-content-layout":"page-builder","ast-site-content-layout":"full-width-container","site-content-style":"default","site-sidebar-style":"default","ast-global-header-display":"","ast-banner-title-visibility":"","ast-main-header-display":"","ast-hfb-above-header-display":"","ast-hfb-below-header-display":"","ast-hfb-mobile-header-display":"","site-post-title":"disabled","ast-breadcrumbs-content":"","ast-featured-img":"disabled","footer-sml-layout":"","ast-disable-related-posts":"","theme-transparent-header-meta":"","adv-header-id-meta":"","stick-header-meta":"","header-above-stick-meta":"","header-main-stick-meta":"","header-below-stick-meta":"","astra-migrate-meta-layouts":"set","ast-page-background-enabled":"default","ast-page-background-meta":{"desktop":{"background-color":"var(--ast-global-color-4)","background-image":"","background-repeat":"repeat","background-position":"center center","background-size":"auto","background-attachment":"scroll","background-type":"","background-media":"","overlay-type":"","overlay-color":"","overlay-opacity":"","overlay-gradient":""},"tablet":{"background-color":"","background-image":"","background-repeat":"repeat","background-position":"center center","background-size":"auto","background-attachment":"scroll","background-type":"","background-media":"","overlay-type":"","overlay-color":"","overlay-opacity":"","overlay-gradient":""},"mobile":{"background-color":"","background-image":"","background-repeat":"repeat","background-position":"center center","background-size":"auto","background-attachment":"scroll","background-type":"","background-media":"","overlay-type":"","overlay-color":"","overlay-opacity":"","overlay-gradient":""}},"ast-content-background-meta":{"desktop":{"background-color":"var(--ast-global-color-5)","background-image":"","background-repeat":"repeat","background-position":"center center","background-size":"auto","background-attachment":"scroll","background-type":"","background-media":"","overlay-type":"","overlay-color":"","overlay-opacity":"","overlay-gradient":""},"tablet":{"background-color":"var(--ast-global-color-5)","background-image":"","background-repeat":"repeat","background-position":"center center","background-size":"auto","background-attachment":"scroll","background-type":"","background-media":"","overlay-type":"","overlay-color":"","overlay-opacity":"","overlay-gradient":""},"mobile":{"background-color":"var(--ast-global-color-5)","background-image":"","background-repeat":"repeat","background-position":"center center","background-size":"auto","background-attachment":"scroll","background-type":"","background-media":"","overlay-type":"","overlay-color":"","overlay-opacity":"","overlay-gradient":""}},"footnotes":""},"class_list":["post-9461","page","type-page","status-publish","hentry"],"_links":{"self":[{"href":"https:\/\/loicnavarro.com\/en\/wp-json\/wp\/v2\/pages\/9461","targetHints":{"allow":["GET"]}}],"collection":[{"href":"https:\/\/loicnavarro.com\/en\/wp-json\/wp\/v2\/pages"}],"about":[{"href":"https:\/\/loicnavarro.com\/en\/wp-json\/wp\/v2\/types\/page"}],"author":[{"embeddable":true,"href":"https:\/\/loicnavarro.com\/en\/wp-json\/wp\/v2\/users\/1"}],"replies":[{"embeddable":true,"href":"https:\/\/loicnavarro.com\/en\/wp-json\/wp\/v2\/comments?post=9461"}],"version-history":[{"count":57,"href":"https:\/\/loicnavarro.com\/en\/wp-json\/wp\/v2\/pages\/9461\/revisions"}],"predecessor-version":[{"id":14244,"href":"https:\/\/loicnavarro.com\/en\/wp-json\/wp\/v2\/pages\/9461\/revisions\/14244"}],"wp:attachment":[{"href":"https:\/\/loicnavarro.com\/en\/wp-json\/wp\/v2\/media?parent=9461"}],"curies":[{"name":"wp","href":"https:\/\/api.w.org\/{rel}","templated":true}]}}